{"id":12128,"date":"2024-04-21T18:40:51","date_gmt":"2024-04-21T16:40:51","guid":{"rendered":"https:\/\/frdc.sk\/hirek\/"},"modified":"2024-04-23T10:52:37","modified_gmt":"2024-04-23T08:52:37","slug":"hirek","status":"publish","type":"page","link":"https:\/\/frdc.sk\/en\/hirek\/","title":{"rendered":"News"},"content":{"rendered":"<ul class=\"wp-block-latest-posts__list has-dates wp-block-latest-posts\"><li><div class=\"wp-block-latest-posts__featured-image alignleft\"><img loading=\"lazy\" decoding=\"async\" width=\"750\" height=\"330\" src=\"https:\/\/frdc.sk\/wp-content\/uploads\/2024\/10\/FRDC-web-pics-750x330.png\" class=\"attachment-post-thumbnail-size size-post-thumbnail-size wp-post-image\" alt=\"\" style=\"max-width:188px;max-height:83px;\" \/><\/div><a class=\"wp-block-latest-posts__post-title\" href=\"https:\/\/frdc.sk\/en\/2024\/10\/22\/kezikonyv-a-telepulesi-reziliencia-kozep-europai-jo-gyakorlatairol\/\">Central European Urban Resilience Handbook for Best Practices<\/a><time datetime=\"2024-10-22T15:23:08+02:00\" class=\"wp-block-latest-posts__post-date\">2024.10.22.<\/time><div class=\"wp-block-latest-posts__post-excerpt\">Central European Urban Resilience Handbook for Best Practices In this volume created within the framework of the CEURES project, we have collected the best practices of Central Europe on the&#8230; <div class=\"clear\"><\/div><a href=\"https:\/\/frdc.sk\/en\/2024\/10\/22\/kezikonyv-a-telepulesi-reziliencia-kozep-europai-jo-gyakorlatairol\/\" class=\"excerpt-read-more newsstand-button\">Read More<\/a><\/div><\/li>\n<li><div class=\"wp-block-latest-posts__featured-image alignleft\"><img loading=\"lazy\" decoding=\"async\" width=\"750\" height=\"330\" src=\"https:\/\/frdc.sk\/wp-content\/uploads\/2024\/04\/15-750x330.png\" class=\"attachment-post-thumbnail-size size-post-thumbnail-size wp-post-image\" alt=\"\" style=\"max-width:188px;max-height:83px;\" \/><\/div><a class=\"wp-block-latest-posts__post-title\" href=\"https:\/\/frdc.sk\/en\/2024\/01\/31\/negyedik-ceures-workshop\/\">Fourth CEURES workshop<\/a><time datetime=\"2024-01-31T21:37:00+01:00\" class=\"wp-block-latest-posts__post-date\">2024.01.31.<\/time><div class=\"wp-block-latest-posts__post-excerpt\">Our fourth expert meeting under the CEURES project on January 26th, 2024 was entirely dedicated to sustainability, with experts from all four countries presenting a model project on environmental issues&#8230; <div class=\"clear\"><\/div><a href=\"https:\/\/frdc.sk\/en\/2024\/01\/31\/negyedik-ceures-workshop\/\" class=\"excerpt-read-more newsstand-button\">Read More<\/a><\/div><\/li>\n<li><div class=\"wp-block-latest-posts__featured-image alignleft\"><img loading=\"lazy\" decoding=\"async\" width=\"750\" height=\"330\" src=\"https:\/\/frdc.sk\/wp-content\/uploads\/2024\/04\/14-1-750x330.png\" class=\"attachment-post-thumbnail-size size-post-thumbnail-size wp-post-image\" alt=\"\" style=\"max-width:188px;max-height:83px;\" \/><\/div><a class=\"wp-block-latest-posts__post-title\" href=\"https:\/\/frdc.sk\/en\/2024\/01\/19\/harmadik-ceures-workshop\/\">Third CEURES workshop<\/a><time datetime=\"2024-01-19T21:31:00+01:00\" class=\"wp-block-latest-posts__post-date\">2024.01.19.<\/time><div class=\"wp-block-latest-posts__post-excerpt\">At the third international experts\u2019 meeting on January 11th, 2024, CEURES partners again discussed urban success stories, mainly in the field of sustainability. Our organisation was represented by Valeria Szomolai,&#8230; <div class=\"clear\"><\/div><a href=\"https:\/\/frdc.sk\/en\/2024\/01\/19\/harmadik-ceures-workshop\/\" class=\"excerpt-read-more newsstand-button\">Read More<\/a><\/div><\/li>\n<li><div class=\"wp-block-latest-posts__featured-image alignleft\"><img loading=\"lazy\" decoding=\"async\" width=\"750\" height=\"330\" src=\"https:\/\/frdc.sk\/wp-content\/uploads\/2024\/04\/ceures-1-750x330.png\" class=\"attachment-post-thumbnail-size size-post-thumbnail-size wp-post-image\" alt=\"\" style=\"max-width:188px;max-height:83px;\" \/><\/div><a class=\"wp-block-latest-posts__post-title\" href=\"https:\/\/frdc.sk\/en\/2024\/01\/12\/meghivo-negyedik-ceures-workshop\/\">Invitation: 4th CEURES workshop<\/a><time datetime=\"2024-01-12T08:34:00+01:00\" class=\"wp-block-latest-posts__post-date\">2024.01.12.<\/time><div class=\"wp-block-latest-posts__post-excerpt\">26 January 2024, online CEURES intends to collect the scattered best practices and knowledge born in recent years in the field of urban resilience in V4 countries and reach the&#8230; <div class=\"clear\"><\/div><a href=\"https:\/\/frdc.sk\/en\/2024\/01\/12\/meghivo-negyedik-ceures-workshop\/\" class=\"excerpt-read-more newsstand-button\">Read More<\/a><\/div><\/li>\n<li><div class=\"wp-block-latest-posts__featured-image alignleft\"><img loading=\"lazy\" decoding=\"async\" width=\"750\" height=\"330\" src=\"https:\/\/frdc.sk\/wp-content\/uploads\/2024\/04\/ceures-1-750x330.png\" class=\"attachment-post-thumbnail-size size-post-thumbnail-size wp-post-image\" alt=\"\" style=\"max-width:188px;max-height:83px;\" \/><\/div><a class=\"wp-block-latest-posts__post-title\" href=\"https:\/\/frdc.sk\/en\/2024\/01\/03\/meghivo-harmadik-ceures-workshop\/\">Invitation: 3rd CEURES workshop<\/a><time datetime=\"2024-01-03T09:11:00+01:00\" class=\"wp-block-latest-posts__post-date\">2024.01.03.<\/time><div class=\"wp-block-latest-posts__post-excerpt\">11 January 2024, online CEURES intends to collect the scattered best practices and knowledge born in recent years in the field of urban resilience in V4 countries and reach the&#8230; <div class=\"clear\"><\/div><a href=\"https:\/\/frdc.sk\/en\/2024\/01\/03\/meghivo-harmadik-ceures-workshop\/\" class=\"excerpt-read-more newsstand-button\">Read More<\/a><\/div><\/li>\n<li><div class=\"wp-block-latest-posts__featured-image alignleft\"><img loading=\"lazy\" decoding=\"async\" width=\"750\" height=\"330\" src=\"https:\/\/frdc.sk\/wp-content\/uploads\/2024\/04\/13-1-750x330.png\" class=\"attachment-post-thumbnail-size size-post-thumbnail-size wp-post-image\" alt=\"\" style=\"max-width:188px;max-height:83px;\" \/><\/div><a class=\"wp-block-latest-posts__post-title\" href=\"https:\/\/frdc.sk\/en\/2023\/12\/21\/masodik-ceures-workshop\/\">Second CEURES workshop<\/a><time datetime=\"2023-12-21T21:20:00+01:00\" class=\"wp-block-latest-posts__post-date\">2023.12.21.<\/time><div class=\"wp-block-latest-posts__post-excerpt\">At the second CEURES international experts\u2019 meeting on December 15th, 2023, partners presented a project to mitigate the effects of climate change \u2013 one of them was presented by Andrea&#8230; <div class=\"clear\"><\/div><a href=\"https:\/\/frdc.sk\/en\/2023\/12\/21\/masodik-ceures-workshop\/\" class=\"excerpt-read-more newsstand-button\">Read More<\/a><\/div><\/li>\n<li><div class=\"wp-block-latest-posts__featured-image alignleft\"><img loading=\"lazy\" decoding=\"async\" width=\"750\" height=\"330\" src=\"https:\/\/frdc.sk\/wp-content\/uploads\/2024\/04\/FRDC-web-pics-4-2-750x330.png\" class=\"attachment-post-thumbnail-size size-post-thumbnail-size wp-post-image\" alt=\"\" style=\"max-width:188px;max-height:83px;\" \/><\/div><a class=\"wp-block-latest-posts__post-title\" href=\"https:\/\/frdc.sk\/en\/2023\/12\/20\/learning-for-peace-ajanlasok-az-oral-history-hasznalatahoz-az-oktatasban\/\">Learning for Peace: Recommendations for the use of oral history in education<\/a><time datetime=\"2023-12-20T16:17:00+01:00\" class=\"wp-block-latest-posts__post-date\">2023.12.20.<\/time><div class=\"wp-block-latest-posts__post-excerpt\">Recommendations from the ERASMUS+ funded Learning for Peace project on why and how to use stories of past from various publications and databases in education have been published. The recommendations&#8230; <div class=\"clear\"><\/div><a href=\"https:\/\/frdc.sk\/en\/2023\/12\/20\/learning-for-peace-ajanlasok-az-oral-history-hasznalatahoz-az-oktatasban\/\" class=\"excerpt-read-more newsstand-button\">Read More<\/a><\/div><\/li>\n<li><div class=\"wp-block-latest-posts__featured-image alignleft\"><img loading=\"lazy\" decoding=\"async\" width=\"750\" height=\"330\" src=\"https:\/\/frdc.sk\/wp-content\/uploads\/2024\/04\/12-2-750x330.png\" class=\"attachment-post-thumbnail-size size-post-thumbnail-size wp-post-image\" alt=\"\" style=\"max-width:188px;max-height:83px;\" \/><\/div><a class=\"wp-block-latest-posts__post-title\" href=\"https:\/\/frdc.sk\/en\/2023\/12\/08\/elso-ceures-workshop\/\">First CEURES workshop<\/a><time datetime=\"2023-12-08T21:07:00+01:00\" class=\"wp-block-latest-posts__post-date\">2023.12.08.<\/time><div class=\"wp-block-latest-posts__post-excerpt\">During the CEURES international expert meeting on November 30th, 2023, partners presented some good examples of urban development initiatives in their countries that have successfully coped with the challenges of&#8230; <div class=\"clear\"><\/div><a href=\"https:\/\/frdc.sk\/en\/2023\/12\/08\/elso-ceures-workshop\/\" class=\"excerpt-read-more newsstand-button\">Read More<\/a><\/div><\/li>\n<li><div class=\"wp-block-latest-posts__featured-image alignleft\"><img loading=\"lazy\" decoding=\"async\" width=\"750\" height=\"330\" src=\"https:\/\/frdc.sk\/wp-content\/uploads\/2024\/04\/ceures-1-750x330.png\" class=\"attachment-post-thumbnail-size size-post-thumbnail-size wp-post-image\" alt=\"\" style=\"max-width:188px;max-height:83px;\" \/><\/div><a class=\"wp-block-latest-posts__post-title\" href=\"https:\/\/frdc.sk\/en\/2023\/12\/08\/meghivo-masodik-ceures-workshop\/\">Invitation: 2nd CEURES workshop<\/a><time datetime=\"2023-12-08T08:10:00+01:00\" class=\"wp-block-latest-posts__post-date\">2023.12.08.<\/time><div class=\"wp-block-latest-posts__post-excerpt\">15 December 2023, online CEURES intends to collect the scattered best practices and knowledge born in recent years in the field of urban resilience in V4 countries and reach the&#8230; <div class=\"clear\"><\/div><a href=\"https:\/\/frdc.sk\/en\/2023\/12\/08\/meghivo-masodik-ceures-workshop\/\" class=\"excerpt-read-more newsstand-button\">Read More<\/a><\/div><\/li>\n<li><div class=\"wp-block-latest-posts__featured-image alignleft\"><img loading=\"lazy\" decoding=\"async\" width=\"750\" height=\"330\" src=\"https:\/\/frdc.sk\/wp-content\/uploads\/2023\/12\/FRDC-web-pics-4-copy-2-750x330.png\" class=\"attachment-post-thumbnail-size size-post-thumbnail-size wp-post-image\" alt=\"\" style=\"max-width:188px;max-height:83px;\" \/><\/div><a class=\"wp-block-latest-posts__post-title\" href=\"https:\/\/frdc.sk\/en\/2023\/12\/07\/civil-napok-2023-talalkoztunk-ismerkedtunk-beszelgettunk-tervezgettunk\/\">Civil Napok 2023 (Civic Days 2023): We met, we got acquainted, we discussed, we planned<\/a><time datetime=\"2023-12-07T21:59:00+01:00\" class=\"wp-block-latest-posts__post-date\">2023.12.07.<\/time><div class=\"wp-block-latest-posts__post-excerpt\">The Civil Napok 2023 (Civic Days 2023) event took place in Kom\u00e1rno on 29-30 November and provided a unique opportunity for Hungarian NGOs in Slovakia to meet, inspire and plan&#8230; <div class=\"clear\"><\/div><a href=\"https:\/\/frdc.sk\/en\/2023\/12\/07\/civil-napok-2023-talalkoztunk-ismerkedtunk-beszelgettunk-tervezgettunk\/\" class=\"excerpt-read-more newsstand-button\">Read More<\/a><\/div><\/li>\n<li><div class=\"wp-block-latest-posts__featured-image alignleft\"><img loading=\"lazy\" decoding=\"async\" width=\"750\" height=\"330\" src=\"https:\/\/frdc.sk\/wp-content\/uploads\/2024\/04\/ceures-1-750x330.png\" class=\"attachment-post-thumbnail-size size-post-thumbnail-size wp-post-image\" alt=\"\" style=\"max-width:188px;max-height:83px;\" \/><\/div><a class=\"wp-block-latest-posts__post-title\" href=\"https:\/\/frdc.sk\/en\/2023\/11\/21\/meghivo-elso-ceures-workshop\/\">Invitation: 1st CEURES workshop<\/a><time datetime=\"2023-11-21T01:57:00+01:00\" class=\"wp-block-latest-posts__post-date\">2023.11.21.<\/time><div class=\"wp-block-latest-posts__post-excerpt\">30 November 2023, online CEURES intends to collect the scattered best practices and knowledge born in recent years in the field of urban resilience in V4 countries and reach the&#8230; <div class=\"clear\"><\/div><a href=\"https:\/\/frdc.sk\/en\/2023\/11\/21\/meghivo-elso-ceures-workshop\/\" class=\"excerpt-read-more newsstand-button\">Read More<\/a><\/div><\/li>\n<li><div class=\"wp-block-latest-posts__featured-image alignleft\"><img loading=\"lazy\" decoding=\"async\" width=\"750\" height=\"330\" src=\"https:\/\/frdc.sk\/wp-content\/uploads\/2023\/10\/FRDC-web-pics-4-copy-3-750x330.png\" class=\"attachment-post-thumbnail-size size-post-thumbnail-size wp-post-image\" alt=\"\" style=\"max-width:188px;max-height:83px;\" \/><\/div><a class=\"wp-block-latest-posts__post-title\" href=\"https:\/\/frdc.sk\/en\/2023\/10\/15\/meghivo-civil-napok-2023\/\">Invitation: Civil Napok 2023 (Civic Days 2023)<\/a><time datetime=\"2023-10-15T21:27:00+02:00\" class=\"wp-block-latest-posts__post-date\">2023.10.15.<\/time><div class=\"wp-block-latest-posts__post-excerpt\">On 29-30 November the Civil Days 2023 conference will take place, co-organised by FRDC and the Round Table of Hungarians in Slovakia. The first day of the two-day conference will&#8230; <div class=\"clear\"><\/div><a href=\"https:\/\/frdc.sk\/en\/2023\/10\/15\/meghivo-civil-napok-2023\/\" class=\"excerpt-read-more newsstand-button\">Read More<\/a><\/div><\/li>\n<li><div class=\"wp-block-latest-posts__featured-image alignleft\"><img loading=\"lazy\" decoding=\"async\" width=\"750\" height=\"330\" src=\"https:\/\/frdc.sk\/wp-content\/uploads\/2024\/04\/FRDC-web-pics-6-1-750x330.png\" class=\"attachment-post-thumbnail-size size-post-thumbnail-size wp-post-image\" alt=\"\" style=\"max-width:188px;max-height:83px;\" \/><\/div><a class=\"wp-block-latest-posts__post-title\" href=\"https:\/\/frdc.sk\/en\/2023\/09\/29\/carson-coma-koncerttel-zartuk-a-maradok-valasztok-kampanyt\/\">We closed Maradok \/ Chcem tu zosta\u0165 campaign with a Carson Coma concert<\/a><time datetime=\"2023-09-29T18:36:00+02:00\" class=\"wp-block-latest-posts__post-date\">2023.09.29.<\/time><div class=\"wp-block-latest-posts__post-excerpt\">On 28 September in \u0160amor\u00edn, hundreds of young people came out to Poml\u00e9 Park to listen to Carson Coma&#8217;s concert, organised by the Student Network and the Forum Institute in&#8230; <div class=\"clear\"><\/div><a href=\"https:\/\/frdc.sk\/en\/2023\/09\/29\/carson-coma-koncerttel-zartuk-a-maradok-valasztok-kampanyt\/\" class=\"excerpt-read-more newsstand-button\">Read More<\/a><\/div><\/li>\n<li><div class=\"wp-block-latest-posts__featured-image alignleft\"><img loading=\"lazy\" decoding=\"async\" width=\"750\" height=\"330\" src=\"https:\/\/frdc.sk\/wp-content\/uploads\/2024\/04\/10-1-750x330.png\" class=\"attachment-post-thumbnail-size size-post-thumbnail-size wp-post-image\" alt=\"\" style=\"max-width:188px;max-height:83px;\" \/><\/div><a class=\"wp-block-latest-posts__post-title\" href=\"https:\/\/frdc.sk\/en\/2023\/09\/26\/learning-for-peace-hogyan-tanuljunk-a-mult-torteneteibol-workshop-pozsonyban\/\">Learning for Peace: Workshop in Bratislava about learning from stories of past<\/a><time datetime=\"2023-09-26T10:52:00+02:00\" class=\"wp-block-latest-posts__post-date\">2023.09.26.<\/time><div class=\"wp-block-latest-posts__post-excerpt\">The second workshop of the Learning for Peace project took place on 14 September 2023 in the heart of Bratislava, where history and modernity meet: within the walls of the&#8230; <div class=\"clear\"><\/div><a href=\"https:\/\/frdc.sk\/en\/2023\/09\/26\/learning-for-peace-hogyan-tanuljunk-a-mult-torteneteibol-workshop-pozsonyban\/\" class=\"excerpt-read-more newsstand-button\">Read More<\/a><\/div><\/li>\n<li><div class=\"wp-block-latest-posts__featured-image alignleft\"><img loading=\"lazy\" decoding=\"async\" width=\"750\" height=\"330\" src=\"https:\/\/frdc.sk\/wp-content\/uploads\/2024\/04\/FRDC-web-pics-4-2-750x330.png\" class=\"attachment-post-thumbnail-size size-post-thumbnail-size wp-post-image\" alt=\"\" style=\"max-width:188px;max-height:83px;\" \/><\/div><a class=\"wp-block-latest-posts__post-title\" href=\"https:\/\/frdc.sk\/en\/2023\/09\/01\/meghivo-learning-for-peace-workshop-pozsonyban\/\">Invitation: Learning for Peace workshop in Bratislava<\/a><time datetime=\"2023-09-01T10:12:00+02:00\" class=\"wp-block-latest-posts__post-date\">2023.09.01.<\/time><div class=\"wp-block-latest-posts__post-excerpt\">The second international workshop of the joint ERASMUS+ project of the Forum Minority Research Institute and Sigmund Freud University will take place on 14 September 2023 in Bratislava, at the&#8230; <div class=\"clear\"><\/div><a href=\"https:\/\/frdc.sk\/en\/2023\/09\/01\/meghivo-learning-for-peace-workshop-pozsonyban\/\" class=\"excerpt-read-more newsstand-button\">Read More<\/a><\/div><\/li>\n<li><div class=\"wp-block-latest-posts__featured-image alignleft\"><img loading=\"lazy\" decoding=\"async\" width=\"750\" height=\"330\" src=\"https:\/\/frdc.sk\/wp-content\/uploads\/2024\/04\/Gombaszog23-750x330.png\" class=\"attachment-post-thumbnail-size size-post-thumbnail-size wp-post-image\" alt=\"\" style=\"max-width:188px;max-height:83px;\" \/><\/div><a class=\"wp-block-latest-posts__post-title\" href=\"https:\/\/frdc.sk\/en\/2023\/07\/27\/forum-lab-a-gombaszogi-taborban\/\">F\u00f3rum Lab at the Gombasz\u00f6g Summer Camp<\/a><time datetime=\"2023-07-27T06:16:00+02:00\" class=\"wp-block-latest-posts__post-date\">2023.07.27.<\/time><div class=\"wp-block-latest-posts__post-excerpt\">The Gombasec Summer Camp (Hungarian: Gombasz\u00f6gi Ny\u00e1ri T\u00e1bor) is a multi-genre festival and open university, which is held annually in the summer (usually in the middle of July) by university&#8230; <div class=\"clear\"><\/div><a href=\"https:\/\/frdc.sk\/en\/2023\/07\/27\/forum-lab-a-gombaszogi-taborban\/\" class=\"excerpt-read-more newsstand-button\">Read More<\/a><\/div><\/li>\n<li><div class=\"wp-block-latest-posts__featured-image alignleft\"><img loading=\"lazy\" decoding=\"async\" width=\"750\" height=\"330\" src=\"https:\/\/frdc.sk\/wp-content\/uploads\/2024\/04\/FRDC-web-pics-4-3-750x330.png\" class=\"attachment-post-thumbnail-size size-post-thumbnail-size wp-post-image\" alt=\"\" style=\"max-width:188px;max-height:83px;\" \/><\/div><a class=\"wp-block-latest-posts__post-title\" href=\"https:\/\/frdc.sk\/en\/2023\/03\/31\/learning-for-peace-becsben-talalkoztak-oral-history-szakemberek\/\">Learning for Peace: Oral history experts met in Vienna<\/a><time datetime=\"2023-03-31T10:34:00+02:00\" class=\"wp-block-latest-posts__post-date\">2023.03.31.<\/time><div class=\"wp-block-latest-posts__post-excerpt\">On March 23, 2023, the Sigmund Freud University hosted the first international workshop of the ERASMUS+ Learning for Peace project, the purpose of which was to exchange experiences in the&#8230; <div class=\"clear\"><\/div><a href=\"https:\/\/frdc.sk\/en\/2023\/03\/31\/learning-for-peace-becsben-talalkoztak-oral-history-szakemberek\/\" class=\"excerpt-read-more newsstand-button\">Read More<\/a><\/div><\/li>\n<li><div class=\"wp-block-latest-posts__featured-image alignleft\"><img loading=\"lazy\" decoding=\"async\" width=\"750\" height=\"330\" src=\"https:\/\/frdc.sk\/wp-content\/uploads\/2024\/04\/FRDC-web-pics-4-2-750x330.png\" class=\"attachment-post-thumbnail-size size-post-thumbnail-size wp-post-image\" alt=\"\" style=\"max-width:188px;max-height:83px;\" \/><\/div><a class=\"wp-block-latest-posts__post-title\" href=\"https:\/\/frdc.sk\/en\/2023\/03\/03\/meghivo-learning-for-peace-workshop-becsben\/\">Invitation: Learning for Peace workshop in Vienna<\/a><time datetime=\"2023-03-03T10:03:00+01:00\" class=\"wp-block-latest-posts__post-date\">2023.03.03.<\/time><div class=\"wp-block-latest-posts__post-excerpt\">The first international workshop of the joint ERASMUS+ project of the Forum Minority Research Institute and Sigmund Freud University will take place on 23 March 2023 in Vienna. All those&#8230; <div class=\"clear\"><\/div><a href=\"https:\/\/frdc.sk\/en\/2023\/03\/03\/meghivo-learning-for-peace-workshop-becsben\/\" class=\"excerpt-read-more newsstand-button\">Read More<\/a><\/div><\/li>\n<li><div class=\"wp-block-latest-posts__featured-image alignleft\"><img loading=\"lazy\" decoding=\"async\" width=\"750\" height=\"330\" src=\"https:\/\/frdc.sk\/wp-content\/uploads\/2022\/04\/FRDC-web-pics-4-750x330.png\" class=\"attachment-post-thumbnail-size size-post-thumbnail-size wp-post-image\" alt=\"\" style=\"max-width:188px;max-height:83px;\" \/><\/div><a class=\"wp-block-latest-posts__post-title\" href=\"https:\/\/frdc.sk\/en\/2022\/04\/20\/meghivo-socin-beszelgetesek\/\">Invitation: #SocIn Discussions<\/a><time datetime=\"2022-04-20T14:41:00+02:00\" class=\"wp-block-latest-posts__post-date\">2022.04.20.<\/time><div class=\"wp-block-latest-posts__post-excerpt\">The aim of the #SocIn Discussions conference is to create a community around the topic of social entrepreneurship, especially between the Hungarian and Slovakian Hungarian communities. A community of people&#8230; <div class=\"clear\"><\/div><a href=\"https:\/\/frdc.sk\/en\/2022\/04\/20\/meghivo-socin-beszelgetesek\/\" class=\"excerpt-read-more newsstand-button\">Read More<\/a><\/div><\/li>\n<li><div class=\"wp-block-latest-posts__featured-image alignleft\"><img loading=\"lazy\" decoding=\"async\" width=\"750\" height=\"330\" src=\"https:\/\/frdc.sk\/wp-content\/uploads\/2021\/04\/FRDC-web-pics-4-750x330.png\" class=\"attachment-post-thumbnail-size size-post-thumbnail-size wp-post-image\" alt=\"\" style=\"max-width:188px;max-height:83px;\" \/><\/div><a class=\"wp-block-latest-posts__post-title\" href=\"https:\/\/frdc.sk\/en\/2021\/04\/25\/participativ-donteshozatal-madarijeszto-vagy-segito\/\">Participatory decision-making: scarecrow or facilitator?<\/a><time datetime=\"2021-04-25T16:09:00+02:00\" class=\"wp-block-latest-posts__post-date\">2021.04.25.<\/time><div class=\"wp-block-latest-posts__post-excerpt\">You are invited to the online workshop &#8220;Participatory decision-making: scarecrow or facilitator?&#8221;. The aim of the workshop is to explore the importance of participation in public decision-making and to discuss&#8230; <div class=\"clear\"><\/div><a href=\"https:\/\/frdc.sk\/en\/2021\/04\/25\/participativ-donteshozatal-madarijeszto-vagy-segito\/\" class=\"excerpt-read-more newsstand-button\">Read More<\/a><\/div><\/li>\n<li><div class=\"wp-block-latest-posts__featured-image alignleft\"><img loading=\"lazy\" decoding=\"async\" width=\"750\" height=\"330\" src=\"https:\/\/frdc.sk\/wp-content\/uploads\/2024\/04\/depolarizacio-750x330.png\" class=\"attachment-post-thumbnail-size size-post-thumbnail-size wp-post-image\" alt=\"\" style=\"max-width:188px;max-height:83px;\" \/><\/div><a class=\"wp-block-latest-posts__post-title\" href=\"https:\/\/frdc.sk\/en\/2020\/10\/22\/depolarizacio\/\">Depolarisation<\/a><time datetime=\"2020-10-22T13:16:00+02:00\" class=\"wp-block-latest-posts__post-date\">2020.10.22.<\/time><div class=\"wp-block-latest-posts__post-excerpt\">Online training in cooperation with \u0160amor\u00edn\u010dan In communities divided along values, it is usually difficult to find consensus. Organising and implementing dialogue between opposing groups is technically very difficult, but&#8230; <div class=\"clear\"><\/div><a href=\"https:\/\/frdc.sk\/en\/2020\/10\/22\/depolarizacio\/\" class=\"excerpt-read-more newsstand-button\">Read More<\/a><\/div><\/li>\n<\/ul>","protected":false},"excerpt":{"rendered":"","protected":false},"author":1,"featured_media":0,"parent":0,"menu_order":0,"comment_status":"closed","ping_status":"closed","template":"","meta":{"footnotes":""},"class_list":["post-12128","page","type-page","status-publish","hentry"],"_links":{"self":[{"href":"https:\/\/frdc.sk\/en\/wp-json\/wp\/v2\/pages\/12128","targetHints":{"allow":["GET"]}}],"collection":[{"href":"https:\/\/frdc.sk\/en\/wp-json\/wp\/v2\/pages"}],"about":[{"href":"https:\/\/frdc.sk\/en\/wp-json\/wp\/v2\/types\/page"}],"author":[{"embeddable":true,"href":"https:\/\/frdc.sk\/en\/wp-json\/wp\/v2\/users\/1"}],"replies":[{"embeddable":true,"href":"https:\/\/frdc.sk\/en\/wp-json\/wp\/v2\/comments?post=12128"}],"version-history":[{"count":2,"href":"https:\/\/frdc.sk\/en\/wp-json\/wp\/v2\/pages\/12128\/revisions"}],"predecessor-version":[{"id":12432,"href":"https:\/\/frdc.sk\/en\/wp-json\/wp\/v2\/pages\/12128\/revisions\/12432"}],"wp:attachment":[{"href":"https:\/\/frdc.sk\/en\/wp-json\/wp\/v2\/media?parent=12128"}],"curies":[{"name":"wp","href":"https:\/\/api.w.org\/{rel}","templated":true}]}}