{"id":12452,"date":"2024-04-23T12:24:09","date_gmt":"2024-04-23T10:24:09","guid":{"rendered":"https:\/\/frdc.sk\/?page_id=12452"},"modified":"2024-04-23T12:26:18","modified_gmt":"2024-04-23T10:26:18","slug":"news","status":"publish","type":"page","link":"https:\/\/frdc.sk\/en\/news\/","title":{"rendered":"CEURES News"},"content":{"rendered":"<ul class=\"wp-block-latest-posts__list has-dates wp-block-latest-posts\"><li><div class=\"wp-block-latest-posts__featured-image alignleft\"><img loading=\"lazy\" decoding=\"async\" width=\"750\" height=\"330\" src=\"https:\/\/frdc.sk\/wp-content\/uploads\/2024\/10\/FRDC-web-pics-750x330.png\" class=\"attachment-post-thumbnail-size size-post-thumbnail-size wp-post-image\" alt=\"\" style=\"max-width:188px;max-height:83px;\" \/><\/div><a class=\"wp-block-latest-posts__post-title\" href=\"https:\/\/frdc.sk\/en\/2024\/10\/22\/kezikonyv-a-telepulesi-reziliencia-kozep-europai-jo-gyakorlatairol\/\">Central European Urban Resilience Handbook for Best Practices<\/a><time datetime=\"2024-10-22T15:23:08+02:00\" class=\"wp-block-latest-posts__post-date\">2024.10.22.<\/time><div class=\"wp-block-latest-posts__post-excerpt\">Central European Urban Resilience Handbook for Best Practices In this volume created within the framework of the CEURES project, we have collected the best practices of Central Europe on the topic of urban resilience. Our goal was to collect the best practices in the manual, which can serve as a&#8230; <div class=\"clear\"><\/div><a href=\"https:\/\/frdc.sk\/en\/2024\/10\/22\/kezikonyv-a-telepulesi-reziliencia-kozep-europai-jo-gyakorlatairol\/\" class=\"excerpt-read-more newsstand-button\">Read More<\/a><\/div><\/li>\n<li><div class=\"wp-block-latest-posts__featured-image alignleft\"><img loading=\"lazy\" decoding=\"async\" width=\"750\" height=\"330\" src=\"https:\/\/frdc.sk\/wp-content\/uploads\/2024\/04\/15-750x330.png\" class=\"attachment-post-thumbnail-size size-post-thumbnail-size wp-post-image\" alt=\"\" style=\"max-width:188px;max-height:83px;\" \/><\/div><a class=\"wp-block-latest-posts__post-title\" href=\"https:\/\/frdc.sk\/en\/2024\/01\/31\/negyedik-ceures-workshop\/\">Fourth CEURES workshop<\/a><time datetime=\"2024-01-31T21:37:00+01:00\" class=\"wp-block-latest-posts__post-date\">2024.01.31.<\/time><div class=\"wp-block-latest-posts__post-excerpt\">Our fourth expert meeting under the CEURES project on January 26th, 2024 was entirely dedicated to sustainability, with experts from all four countries presenting a model project on environmental issues \u2013 the example of the Ho\u0161tetin eco-village in the Czech Republic, the large-scale rehabilitation of the Narew River in Poland,&#8230; <div class=\"clear\"><\/div><a href=\"https:\/\/frdc.sk\/en\/2024\/01\/31\/negyedik-ceures-workshop\/\" class=\"excerpt-read-more newsstand-button\">Read More<\/a><\/div><\/li>\n<li><div class=\"wp-block-latest-posts__featured-image alignleft\"><img loading=\"lazy\" decoding=\"async\" width=\"750\" height=\"330\" src=\"https:\/\/frdc.sk\/wp-content\/uploads\/2024\/04\/14-1-750x330.png\" class=\"attachment-post-thumbnail-size size-post-thumbnail-size wp-post-image\" alt=\"\" style=\"max-width:188px;max-height:83px;\" \/><\/div><a class=\"wp-block-latest-posts__post-title\" href=\"https:\/\/frdc.sk\/en\/2024\/01\/19\/harmadik-ceures-workshop\/\">Third CEURES workshop<\/a><time datetime=\"2024-01-19T21:31:00+01:00\" class=\"wp-block-latest-posts__post-date\">2024.01.19.<\/time><div class=\"wp-block-latest-posts__post-excerpt\">At the third international experts\u2019 meeting on January 11th, 2024, CEURES partners again discussed urban success stories, mainly in the field of sustainability. Our organisation was represented by Valeria Szomolai, who presented an exclusively non-profit initiative for Ukrainian refugees in Bansk\u00e1 \u0160tiavnica, comparing it with a case study from \u0160amor\u00edn,&#8230; <div class=\"clear\"><\/div><a href=\"https:\/\/frdc.sk\/en\/2024\/01\/19\/harmadik-ceures-workshop\/\" class=\"excerpt-read-more newsstand-button\">Read More<\/a><\/div><\/li>\n<li><div class=\"wp-block-latest-posts__featured-image alignleft\"><img loading=\"lazy\" decoding=\"async\" width=\"750\" height=\"330\" src=\"https:\/\/frdc.sk\/wp-content\/uploads\/2024\/04\/ceures-1-750x330.png\" class=\"attachment-post-thumbnail-size size-post-thumbnail-size wp-post-image\" alt=\"\" style=\"max-width:188px;max-height:83px;\" \/><\/div><a class=\"wp-block-latest-posts__post-title\" href=\"https:\/\/frdc.sk\/en\/2024\/01\/12\/meghivo-negyedik-ceures-workshop\/\">Invitation: 4th CEURES workshop<\/a><time datetime=\"2024-01-12T08:34:00+01:00\" class=\"wp-block-latest-posts__post-date\">2024.01.12.<\/time><div class=\"wp-block-latest-posts__post-excerpt\">26 January 2024, online CEURES intends to collect the scattered best practices and knowledge born in recent years in the field of urban resilience in V4 countries and reach the most relevant target groups for maximum impact. Read more &#8230;<\/div><\/li>\n<li><div class=\"wp-block-latest-posts__featured-image alignleft\"><img loading=\"lazy\" decoding=\"async\" width=\"750\" height=\"330\" src=\"https:\/\/frdc.sk\/wp-content\/uploads\/2024\/04\/ceures-1-750x330.png\" class=\"attachment-post-thumbnail-size size-post-thumbnail-size wp-post-image\" alt=\"\" style=\"max-width:188px;max-height:83px;\" \/><\/div><a class=\"wp-block-latest-posts__post-title\" href=\"https:\/\/frdc.sk\/en\/2024\/01\/03\/meghivo-harmadik-ceures-workshop\/\">Invitation: 3rd CEURES workshop<\/a><time datetime=\"2024-01-03T09:11:00+01:00\" class=\"wp-block-latest-posts__post-date\">2024.01.03.<\/time><div class=\"wp-block-latest-posts__post-excerpt\">11 January 2024, online CEURES intends to collect the scattered best practices and knowledge born in recent years in the field of urban resilience in V4 countries and reach the most relevant target groups for maximum impact. Read more &#8230;<\/div><\/li>\n<li><div class=\"wp-block-latest-posts__featured-image alignleft\"><img loading=\"lazy\" decoding=\"async\" width=\"750\" height=\"330\" src=\"https:\/\/frdc.sk\/wp-content\/uploads\/2024\/04\/13-1-750x330.png\" class=\"attachment-post-thumbnail-size size-post-thumbnail-size wp-post-image\" alt=\"\" style=\"max-width:188px;max-height:83px;\" \/><\/div><a class=\"wp-block-latest-posts__post-title\" href=\"https:\/\/frdc.sk\/en\/2023\/12\/21\/masodik-ceures-workshop\/\">Second CEURES workshop<\/a><time datetime=\"2023-12-21T21:20:00+01:00\" class=\"wp-block-latest-posts__post-date\">2023.12.21.<\/time><div class=\"wp-block-latest-posts__post-excerpt\">At the second CEURES international experts\u2019 meeting on December 15th, 2023, partners presented a project to mitigate the effects of climate change \u2013 one of them was presented by Andrea Lelovics from our organisation (the example of the \u0160amor\u00edn rain garden). The Hungarian partner presented the activities of the Piroska&#8230; <div class=\"clear\"><\/div><a href=\"https:\/\/frdc.sk\/en\/2023\/12\/21\/masodik-ceures-workshop\/\" class=\"excerpt-read-more newsstand-button\">Read More<\/a><\/div><\/li>\n<li><div class=\"wp-block-latest-posts__featured-image alignleft\"><img loading=\"lazy\" decoding=\"async\" width=\"750\" height=\"330\" src=\"https:\/\/frdc.sk\/wp-content\/uploads\/2024\/04\/12-2-750x330.png\" class=\"attachment-post-thumbnail-size size-post-thumbnail-size wp-post-image\" alt=\"\" style=\"max-width:188px;max-height:83px;\" \/><\/div><a class=\"wp-block-latest-posts__post-title\" href=\"https:\/\/frdc.sk\/en\/2023\/12\/08\/elso-ceures-workshop\/\">First CEURES workshop<\/a><time datetime=\"2023-12-08T21:07:00+01:00\" class=\"wp-block-latest-posts__post-date\">2023.12.08.<\/time><div class=\"wp-block-latest-posts__post-excerpt\">During the CEURES international expert meeting on November 30th, 2023, partners presented some good examples of urban development initiatives in their countries that have successfully coped with the challenges of the present (war, migration, pandemics and climate change). Valeria Szomolai from FRDC presented a successful example of the fight against&#8230; <div class=\"clear\"><\/div><a href=\"https:\/\/frdc.sk\/en\/2023\/12\/08\/elso-ceures-workshop\/\" class=\"excerpt-read-more newsstand-button\">Read More<\/a><\/div><\/li>\n<li><div class=\"wp-block-latest-posts__featured-image alignleft\"><img loading=\"lazy\" decoding=\"async\" width=\"750\" height=\"330\" src=\"https:\/\/frdc.sk\/wp-content\/uploads\/2024\/04\/ceures-1-750x330.png\" class=\"attachment-post-thumbnail-size size-post-thumbnail-size wp-post-image\" alt=\"\" style=\"max-width:188px;max-height:83px;\" \/><\/div><a class=\"wp-block-latest-posts__post-title\" href=\"https:\/\/frdc.sk\/en\/2023\/12\/08\/meghivo-masodik-ceures-workshop\/\">Invitation: 2nd CEURES workshop<\/a><time datetime=\"2023-12-08T08:10:00+01:00\" class=\"wp-block-latest-posts__post-date\">2023.12.08.<\/time><div class=\"wp-block-latest-posts__post-excerpt\">15 December 2023, online CEURES intends to collect the scattered best practices and knowledge born in recent years in the field of urban resilience in V4 countries and reach the most relevant target groups for maximum impact. Read more &#8230;<\/div><\/li>\n<li><div class=\"wp-block-latest-posts__featured-image alignleft\"><img loading=\"lazy\" decoding=\"async\" width=\"750\" height=\"330\" src=\"https:\/\/frdc.sk\/wp-content\/uploads\/2024\/04\/ceures-1-750x330.png\" class=\"attachment-post-thumbnail-size size-post-thumbnail-size wp-post-image\" alt=\"\" style=\"max-width:188px;max-height:83px;\" \/><\/div><a class=\"wp-block-latest-posts__post-title\" href=\"https:\/\/frdc.sk\/en\/2023\/11\/21\/meghivo-elso-ceures-workshop\/\">Invitation: 1st CEURES workshop<\/a><time datetime=\"2023-11-21T01:57:00+01:00\" class=\"wp-block-latest-posts__post-date\">2023.11.21.<\/time><div class=\"wp-block-latest-posts__post-excerpt\">30 November 2023, online CEURES intends to collect the scattered best practices and knowledge born in recent years in the field of urban resilience in V4 countries and reach the most relevant target groups for maximum impact. Read more &#8230;<\/div><\/li>\n<\/ul>","protected":false},"excerpt":{"rendered":"","protected":false},"author":1,"featured_media":0,"parent":0,"menu_order":0,"comment_status":"closed","ping_status":"closed","template":"","meta":{"footnotes":""},"class_list":["post-12452","page","type-page","status-publish","hentry"],"_links":{"self":[{"href":"https:\/\/frdc.sk\/en\/wp-json\/wp\/v2\/pages\/12452","targetHints":{"allow":["GET"]}}],"collection":[{"href":"https:\/\/frdc.sk\/en\/wp-json\/wp\/v2\/pages"}],"about":[{"href":"https:\/\/frdc.sk\/en\/wp-json\/wp\/v2\/types\/page"}],"author":[{"embeddable":true,"href":"https:\/\/frdc.sk\/en\/wp-json\/wp\/v2\/users\/1"}],"replies":[{"embeddable":true,"href":"https:\/\/frdc.sk\/en\/wp-json\/wp\/v2\/comments?post=12452"}],"version-history":[{"count":2,"href":"https:\/\/frdc.sk\/en\/wp-json\/wp\/v2\/pages\/12452\/revisions"}],"predecessor-version":[{"id":12458,"href":"https:\/\/frdc.sk\/en\/wp-json\/wp\/v2\/pages\/12452\/revisions\/12458"}],"wp:attachment":[{"href":"https:\/\/frdc.sk\/en\/wp-json\/wp\/v2\/media?parent=12452"}],"curies":[{"name":"wp","href":"https:\/\/api.w.org\/{rel}","templated":true}]}}