{"id":11509,"date":"2024-04-15T12:12:25","date_gmt":"2024-04-15T10:12:25","guid":{"rendered":"https:\/\/frdc.sk\/home\/"},"modified":"2024-04-23T10:45:50","modified_gmt":"2024-04-23T08:45:50","slug":"home","status":"publish","type":"page","link":"https:\/\/frdc.sk\/sk\/","title":{"rendered":"Home"},"content":{"rendered":"\n<figure class=\"wp-block-video aligncenter\"><video height=\"1080\" style=\"aspect-ratio: 1920 \/ 1080;\" width=\"1920\" autoplay loop muted src=\"https:\/\/frdc.sk\/wp-content\/uploads\/2024\/04\/FRDC-intro-video_SK.mp4\"><\/video><\/figure>\n\n\n\n<div style=\"height:100px\" aria-hidden=\"true\" class=\"wp-block-spacer\"><\/div>\n\n\n\n<h2 class=\"wp-block-heading has-text-align-center\">NOVINKY<\/h2>\n\n\n\n<div style=\"height:50px\" aria-hidden=\"true\" class=\"wp-block-spacer\"><\/div>\n\n\n<ul class=\"wp-block-latest-posts__list is-grid columns-3 has-dates wp-block-latest-posts\"><li><div class=\"wp-block-latest-posts__featured-image\"><img loading=\"lazy\" decoding=\"async\" width=\"750\" height=\"330\" src=\"https:\/\/frdc.sk\/wp-content\/uploads\/2024\/10\/FRDC-web-pics-750x330.png\" class=\"attachment-post-thumbnail-size size-post-thumbnail-size wp-post-image\" alt=\"\" style=\"\" \/><\/div><a class=\"wp-block-latest-posts__post-title\" href=\"https:\/\/frdc.sk\/sk\/2024\/10\/22\/kezikonyv-a-telepulesi-reziliencia-kozep-europai-jo-gyakorlatairol\/\">Pr\u00edru\u010dka osved\u010den\u00fdch postupov stredoeur\u00f3pskej mestskej odolnosti<\/a><time datetime=\"2024-10-22T15:23:08+02:00\" class=\"wp-block-latest-posts__post-date\">2024.10.22.<\/time><\/li>\n<li><div class=\"wp-block-latest-posts__featured-image\"><img loading=\"lazy\" decoding=\"async\" width=\"750\" height=\"330\" src=\"https:\/\/frdc.sk\/wp-content\/uploads\/2024\/04\/15-750x330.png\" class=\"attachment-post-thumbnail-size size-post-thumbnail-size wp-post-image\" alt=\"\" style=\"\" \/><\/div><a class=\"wp-block-latest-posts__post-title\" href=\"https:\/\/frdc.sk\/sk\/2024\/01\/31\/negyedik-ceures-workshop\/\">\u0160tvrt\u00fd CEURES workshop<\/a><time datetime=\"2024-01-31T21:37:00+01:00\" class=\"wp-block-latest-posts__post-date\">2024.01.31.<\/time><\/li>\n<li><div class=\"wp-block-latest-posts__featured-image\"><img loading=\"lazy\" decoding=\"async\" width=\"750\" height=\"330\" src=\"https:\/\/frdc.sk\/wp-content\/uploads\/2024\/04\/14-1-750x330.png\" class=\"attachment-post-thumbnail-size size-post-thumbnail-size wp-post-image\" alt=\"\" style=\"\" \/><\/div><a class=\"wp-block-latest-posts__post-title\" href=\"https:\/\/frdc.sk\/sk\/2024\/01\/19\/harmadik-ceures-workshop\/\">Tret\u00ed CEURES workshop<\/a><time datetime=\"2024-01-19T21:31:00+01:00\" class=\"wp-block-latest-posts__post-date\">2024.01.19.<\/time><\/li>\n<li><div class=\"wp-block-latest-posts__featured-image\"><img loading=\"lazy\" decoding=\"async\" width=\"750\" height=\"330\" src=\"https:\/\/frdc.sk\/wp-content\/uploads\/2024\/04\/ceures-1-750x330.png\" class=\"attachment-post-thumbnail-size size-post-thumbnail-size wp-post-image\" alt=\"\" style=\"\" \/><\/div><a class=\"wp-block-latest-posts__post-title\" href=\"https:\/\/frdc.sk\/sk\/2024\/01\/12\/meghivo-negyedik-ceures-workshop\/\">Pozv\u00e1nka: \u0160tvrt\u00fd workshop CEURES<\/a><time datetime=\"2024-01-12T08:34:00+01:00\" class=\"wp-block-latest-posts__post-date\">2024.01.12.<\/time><\/li>\n<li><div class=\"wp-block-latest-posts__featured-image\"><img loading=\"lazy\" decoding=\"async\" width=\"750\" height=\"330\" src=\"https:\/\/frdc.sk\/wp-content\/uploads\/2024\/04\/ceures-1-750x330.png\" class=\"attachment-post-thumbnail-size size-post-thumbnail-size wp-post-image\" alt=\"\" style=\"\" \/><\/div><a class=\"wp-block-latest-posts__post-title\" href=\"https:\/\/frdc.sk\/sk\/2024\/01\/03\/meghivo-harmadik-ceures-workshop\/\">Pozv\u00e1nka: Tret\u00ed workshop CEURES<\/a><time datetime=\"2024-01-03T09:11:00+01:00\" class=\"wp-block-latest-posts__post-date\">2024.01.03.<\/time><\/li>\n<li><div class=\"wp-block-latest-posts__featured-image\"><img loading=\"lazy\" decoding=\"async\" width=\"750\" height=\"330\" src=\"https:\/\/frdc.sk\/wp-content\/uploads\/2024\/04\/13-1-750x330.png\" class=\"attachment-post-thumbnail-size size-post-thumbnail-size wp-post-image\" alt=\"\" style=\"\" \/><\/div><a class=\"wp-block-latest-posts__post-title\" href=\"https:\/\/frdc.sk\/sk\/2023\/12\/21\/masodik-ceures-workshop\/\">Druh\u00fd CEURES workshop<\/a><time datetime=\"2023-12-21T21:20:00+01:00\" class=\"wp-block-latest-posts__post-date\">2023.12.21.<\/time><\/li>\n<li><div class=\"wp-block-latest-posts__featured-image\"><img loading=\"lazy\" decoding=\"async\" width=\"750\" height=\"330\" src=\"https:\/\/frdc.sk\/wp-content\/uploads\/2024\/04\/FRDC-web-pics-4-2-750x330.png\" class=\"attachment-post-thumbnail-size size-post-thumbnail-size wp-post-image\" alt=\"\" style=\"\" \/><\/div><a class=\"wp-block-latest-posts__post-title\" href=\"https:\/\/frdc.sk\/sk\/2023\/12\/20\/learning-for-peace-ajanlasok-az-oral-history-hasznalatahoz-az-oktatasban\/\">U\u010d\u00edme sa pre mier: Odpor\u00fa\u010dania pre vyu\u017e\u00edvanie or\u00e1lnej hist\u00f3rie vo vzdel\u00e1van\u00ed<\/a><time datetime=\"2023-12-20T16:17:00+01:00\" class=\"wp-block-latest-posts__post-date\">2023.12.20.<\/time><\/li>\n<li><div class=\"wp-block-latest-posts__featured-image\"><img loading=\"lazy\" decoding=\"async\" width=\"750\" height=\"330\" src=\"https:\/\/frdc.sk\/wp-content\/uploads\/2024\/04\/12-2-750x330.png\" class=\"attachment-post-thumbnail-size size-post-thumbnail-size wp-post-image\" alt=\"\" style=\"\" \/><\/div><a class=\"wp-block-latest-posts__post-title\" href=\"https:\/\/frdc.sk\/sk\/2023\/12\/08\/elso-ceures-workshop\/\">Prv\u00fd CEURES workshop<\/a><time datetime=\"2023-12-08T21:07:00+01:00\" class=\"wp-block-latest-posts__post-date\">2023.12.08.<\/time><\/li>\n<li><div class=\"wp-block-latest-posts__featured-image\"><img loading=\"lazy\" decoding=\"async\" width=\"750\" height=\"330\" src=\"https:\/\/frdc.sk\/wp-content\/uploads\/2024\/04\/ceures-1-750x330.png\" class=\"attachment-post-thumbnail-size size-post-thumbnail-size wp-post-image\" alt=\"\" style=\"\" \/><\/div><a class=\"wp-block-latest-posts__post-title\" href=\"https:\/\/frdc.sk\/sk\/2023\/12\/08\/meghivo-masodik-ceures-workshop\/\">Pozv\u00e1nka: Druh\u00fd workshop CEURES<\/a><time datetime=\"2023-12-08T08:10:00+01:00\" class=\"wp-block-latest-posts__post-date\">2023.12.08.<\/time><\/li>\n<\/ul>\n\n\n<p class=\"has-text-align-center\">\n          <a href=\"https:\/\/frdc.sk\/sk\/hirek\/\" target=\"_blank\" rel=\"noreferrer noopener\">\u010fal\u0161ie novinky&#8230;<\/a>\n        <\/p>\n\n\n\n<div style=\"height:100px\" aria-hidden=\"true\" class=\"wp-block-spacer\"><\/div>\n\n\n\n<h2 class=\"wp-block-heading has-text-align-center\">PROJEKTY<\/h2>\n\n\n\n<div style=\"height:20px\" aria-hidden=\"true\" class=\"wp-block-spacer\"><\/div>\n\n\n\n<div class=\"wp-block-columns is-layout-flex wp-container-core-columns-is-layout-9d6595d7 wp-block-columns-is-layout-flex\">\n<div class=\"wp-block-column has-background is-layout-flow wp-block-column-is-layout-flow\" style=\"background-color:#abb7c245\">\n<figure class=\"wp-block-image size-full\"><a href=\"https:\/\/focusonimpact.frdc.sk\/sk\/\" target=\"_blank\" rel=\"noreferrer noopener\"><img loading=\"lazy\" decoding=\"async\" width=\"500\" height=\"500\" src=\"https:\/\/frdc.sk\/wp-content\/uploads\/2024\/04\/12.png\" alt=\"\" class=\"wp-image-11882\" srcset=\"https:\/\/frdc.sk\/wp-content\/uploads\/2024\/04\/12.png 500w, https:\/\/frdc.sk\/wp-content\/uploads\/2024\/04\/12-300x300.png 300w, https:\/\/frdc.sk\/wp-content\/uploads\/2024\/04\/12-150x150.png 150w, https:\/\/frdc.sk\/wp-content\/uploads\/2024\/04\/12-400x400.png 400w\" sizes=\"auto, (max-width: 500px) 100vw, 500px\" \/><\/a><\/figure>\n<\/div>\n\n\n\n<div class=\"wp-block-column has-background is-layout-flow wp-block-column-is-layout-flow\" style=\"background-color:#abb7c245\"><div class=\"wp-block-image\">\n<figure class=\"alignright size-full\"><a href=\"https:\/\/kerekasztal.sk\/civil-napok-2023\/\" target=\"_blank\" rel=\"noreferrer noopener\"><img loading=\"lazy\" decoding=\"async\" width=\"500\" height=\"500\" src=\"https:\/\/frdc.sk\/wp-content\/uploads\/2024\/04\/CEURES-4-3.png\" alt=\"\" class=\"wp-image-11889\" srcset=\"https:\/\/frdc.sk\/wp-content\/uploads\/2024\/04\/CEURES-4-3.png 500w, https:\/\/frdc.sk\/wp-content\/uploads\/2024\/04\/CEURES-4-3-300x300.png 300w, https:\/\/frdc.sk\/wp-content\/uploads\/2024\/04\/CEURES-4-3-150x150.png 150w, https:\/\/frdc.sk\/wp-content\/uploads\/2024\/04\/CEURES-4-3-400x400.png 400w\" sizes=\"auto, (max-width: 500px) 100vw, 500px\" \/><\/a><\/figure>\n<\/div><\/div>\n\n\n\n<div class=\"wp-block-column has-background is-layout-flow wp-block-column-is-layout-flow\" style=\"background-color:#abb7c245\">\n<figure class=\"wp-block-image size-full\"><a href=\"https:\/\/frdc.sk\/sk\/ceures\/\" target=\"_blank\" rel=\"noreferrer noopener\"><img loading=\"lazy\" decoding=\"async\" width=\"500\" height=\"500\" src=\"https:\/\/frdc.sk\/wp-content\/uploads\/2024\/04\/2-1.png\" alt=\"\" class=\"wp-image-11867\" srcset=\"https:\/\/frdc.sk\/wp-content\/uploads\/2024\/04\/2-1.png 500w, https:\/\/frdc.sk\/wp-content\/uploads\/2024\/04\/2-1-300x300.png 300w, https:\/\/frdc.sk\/wp-content\/uploads\/2024\/04\/2-1-150x150.png 150w, https:\/\/frdc.sk\/wp-content\/uploads\/2024\/04\/2-1-400x400.png 400w\" sizes=\"auto, (max-width: 500px) 100vw, 500px\" \/><\/a><\/figure>\n<\/div>\n<\/div>\n\n\n\n<div style=\"height:15px\" aria-hidden=\"true\" class=\"wp-block-spacer\"><\/div>\n\n\n\n<div class=\"wp-block-columns is-layout-flex wp-container-core-columns-is-layout-9d6595d7 wp-block-columns-is-layout-flex\">\n<div class=\"wp-block-column has-background is-layout-flow wp-block-column-is-layout-flow\" style=\"background-color:#abb7c245\">\n<figure class=\"wp-block-image size-full\"><a href=\"https:\/\/learning4peace.foruminst.sk\/sk\/\" target=\"_blank\" rel=\"noreferrer noopener\"><img loading=\"lazy\" decoding=\"async\" width=\"500\" height=\"500\" src=\"https:\/\/frdc.sk\/wp-content\/uploads\/2024\/04\/8-1.png\" alt=\"\" class=\"wp-image-11876\" srcset=\"https:\/\/frdc.sk\/wp-content\/uploads\/2024\/04\/8-1.png 500w, https:\/\/frdc.sk\/wp-content\/uploads\/2024\/04\/8-1-300x300.png 300w, https:\/\/frdc.sk\/wp-content\/uploads\/2024\/04\/8-1-150x150.png 150w, https:\/\/frdc.sk\/wp-content\/uploads\/2024\/04\/8-1-400x400.png 400w\" sizes=\"auto, (max-width: 500px) 100vw, 500px\" \/><\/a><\/figure>\n<\/div>\n\n\n\n<div class=\"wp-block-column has-background is-layout-flow wp-block-column-is-layout-flow\" style=\"background-color:#abb7c245\"><div class=\"wp-block-image\">\n<figure class=\"aligncenter size-full\"><a href=\"https:\/\/civilmap.adatbank.sk\" target=\"_blank\" rel=\"noreferrer noopener\"><img loading=\"lazy\" decoding=\"async\" width=\"500\" height=\"500\" src=\"https:\/\/frdc.sk\/wp-content\/uploads\/2024\/04\/4-1.png\" alt=\"\" class=\"wp-image-11870\" srcset=\"https:\/\/frdc.sk\/wp-content\/uploads\/2024\/04\/4-1.png 500w, https:\/\/frdc.sk\/wp-content\/uploads\/2024\/04\/4-1-300x300.png 300w, https:\/\/frdc.sk\/wp-content\/uploads\/2024\/04\/4-1-150x150.png 150w, https:\/\/frdc.sk\/wp-content\/uploads\/2024\/04\/4-1-400x400.png 400w\" sizes=\"auto, (max-width: 500px) 100vw, 500px\" \/><\/a><\/figure>\n<\/div><\/div>\n\n\n\n<div class=\"wp-block-column has-background is-layout-flow wp-block-column-is-layout-flow\" style=\"background-color:#abb7c245\">\n<figure class=\"wp-block-image size-full\"><a href=\"https:\/\/www.madari.sk\" target=\"_blank\" rel=\"noreferrer noopener\"><img loading=\"lazy\" decoding=\"async\" width=\"500\" height=\"500\" src=\"https:\/\/frdc.sk\/wp-content\/uploads\/2024\/04\/10.png\" alt=\"\" class=\"wp-image-11879\" srcset=\"https:\/\/frdc.sk\/wp-content\/uploads\/2024\/04\/10.png 500w, https:\/\/frdc.sk\/wp-content\/uploads\/2024\/04\/10-300x300.png 300w, https:\/\/frdc.sk\/wp-content\/uploads\/2024\/04\/10-150x150.png 150w, https:\/\/frdc.sk\/wp-content\/uploads\/2024\/04\/10-400x400.png 400w\" sizes=\"auto, (max-width: 500px) 100vw, 500px\" \/><\/a><\/figure>\n<\/div>\n<\/div>\n\n\n\n<p class=\"has-text-align-center\">\n          <a href=\"https:\/\/frdc.sk\/sk\/projektek\/\" target=\"_blank\" rel=\"noreferrer noopener\">\u010fal\u0161ie projekty&#8230;<\/a>\n        <\/p>\n\n\n\n<div style=\"height:100px\" aria-hidden=\"true\" class=\"wp-block-spacer\"><\/div>\n","protected":false},"excerpt":{"rendered":"<p>NOVINKY \u010fal\u0161ie novinky&#8230; PROJEKTY \u010fal\u0161ie projekty&#8230;<\/p>\n","protected":false},"author":1,"featured_media":0,"parent":0,"menu_order":0,"comment_status":"closed","ping_status":"closed","template":"","meta":{"footnotes":""},"class_list":["post-11509","page","type-page","status-publish","hentry"],"_links":{"self":[{"href":"https:\/\/frdc.sk\/sk\/wp-json\/wp\/v2\/pages\/11509","targetHints":{"allow":["GET"]}}],"collection":[{"href":"https:\/\/frdc.sk\/sk\/wp-json\/wp\/v2\/pages"}],"about":[{"href":"https:\/\/frdc.sk\/sk\/wp-json\/wp\/v2\/types\/page"}],"author":[{"embeddable":true,"href":"https:\/\/frdc.sk\/sk\/wp-json\/wp\/v2\/users\/1"}],"replies":[{"embeddable":true,"href":"https:\/\/frdc.sk\/sk\/wp-json\/wp\/v2\/comments?post=11509"}],"version-history":[{"count":10,"href":"https:\/\/frdc.sk\/sk\/wp-json\/wp\/v2\/pages\/11509\/revisions"}],"predecessor-version":[{"id":12426,"href":"https:\/\/frdc.sk\/sk\/wp-json\/wp\/v2\/pages\/11509\/revisions\/12426"}],"wp:attachment":[{"href":"https:\/\/frdc.sk\/sk\/wp-json\/wp\/v2\/media?parent=11509"}],"curies":[{"name":"wp","href":"https:\/\/api.w.org\/{rel}","templated":true}]}}