{"id":11524,"date":"2024-04-15T21:05:51","date_gmt":"2024-04-15T19:05:51","guid":{"rendered":"https:\/\/frdc.sk\/szolgaltatasok\/"},"modified":"2024-04-23T09:56:38","modified_gmt":"2024-04-23T07:56:38","slug":"szolgaltatasok","status":"publish","type":"page","link":"https:\/\/frdc.sk\/sk\/szolgaltatasok\/","title":{"rendered":"Slu\u017eby"},"content":{"rendered":"\n<div style=\"height:70px\" aria-hidden=\"true\" class=\"wp-block-spacer\"><\/div>\n\n\n\n<div class=\"wp-block-columns is-layout-flex wp-container-core-columns-is-layout-9d6595d7 wp-block-columns-is-layout-flex\">\n<div class=\"wp-block-column is-layout-flow wp-block-column-is-layout-flow\">\n<h4 class=\"wp-block-heading has-text-align-center has-text-color has-link-color wp-elements-a159cb36bcb19c0dda53b94279883cc9\" style=\"color:#22a6cb\">\u0160kolenia<\/h4>\n<\/div>\n\n\n\n<div class=\"wp-block-column is-vertically-aligned-bottom is-layout-flow wp-block-column-is-layout-flow\">\n<h4 class=\"wp-block-heading has-text-align-center has-text-color has-link-color wp-elements-d9295e83c34f5559f98130549ccd2dff\" style=\"color:#cc3f29\">Konzult\u00e1cie<\/h4>\n<\/div>\n\n\n\n<div class=\"wp-block-column is-vertically-aligned-bottom is-layout-flow wp-block-column-is-layout-flow\">\n<h4 class=\"wp-block-heading has-text-align-center has-text-color has-link-color wp-elements-49ae1bb608264cbd2cfb3b0f149f0710\" style=\"color:#af8928\">Facilit\u00e1cia<\/h4>\n<\/div>\n<\/div>\n\n\n\n<div class=\"wp-block-columns is-layout-flex wp-container-core-columns-is-layout-9d6595d7 wp-block-columns-is-layout-flex\">\n<div class=\"wp-block-column has-background is-layout-flow wp-block-column-is-layout-flow\" style=\"background-color:#83c8d657\">\n<p><\/p>\n\n\n\n<p class=\"has-text-align-center has-black-color has-text-color has-link-color wp-elements-8c2070ce03d9e993a673144a5e025d59\" style=\"letter-spacing:1px\">Pravidelne organizujeme kurzy a workshopy zameran\u00e9 na odborn\u00fd a osobnostn\u00fd rozvoj offline aj online. Do ich realiz\u00e1cie \u010dasto zap\u00e1jame sk\u00fasen\u00fdch odborn\u00edkov zo Slovenska i zahrani\u010dia.<\/p>\n\n\n\n<p><\/p>\n<\/div>\n\n\n\n<div class=\"wp-block-column has-background is-layout-flow wp-block-column-is-layout-flow\" style=\"background-color:#ed968257\">\n<p><\/p>\n\n\n\n<p class=\"has-text-align-center has-black-color has-text-color has-link-color wp-elements-2b4b577ba6053daa48a4859a4a5ad8d0\" style=\"letter-spacing:1px\">Poskytujeme poradensk\u00e9 slu\u017eby firm\u00e1m, in\u0161tit\u00faci\u00e1m, organiz\u00e1ci\u00e1m a jednotlivcom v oblasti projektov\u00e9ho riadenia, organiza\u010dn\u00e9ho rozvoja, strategick\u00e9ho pl\u00e1novania, soci\u00e1lnych inov\u00e1ci\u00ed a soci\u00e1lneho podnikania.<\/p>\n\n\n\n<p><\/p>\n<\/div>\n\n\n\n<div class=\"wp-block-column has-background is-layout-flow wp-block-column-is-layout-flow\" style=\"background-color:#d6c28d59\">\n<p><\/p>\n\n\n\n<p class=\"has-text-align-center has-black-color has-text-color has-link-color wp-elements-ceb4fa151dd3935c81f7bb3e08f9db90\" style=\"letter-spacing:1px\">Facilitujeme stretnutia a podujatia v\u0161etk\u00fdch ve\u013ekost\u00ed a na v\u0161etky t\u00e9my. Pom\u00e1hame pl\u00e1nova\u0165 program, riadi\u0165 a dokumentova\u0165 podujatie alebo jeho \u010das\u0165, zasahova\u0165 a rie\u0161i\u0165 probl\u00e9mov\u00e9 situ\u00e1cie.<\/p>\n\n\n\n<p class=\"has-black-color has-text-color has-link-color wp-elements-bd54bcbfe251dea33230c21c9863c737\" style=\"letter-spacing:1px\"><\/p>\n<\/div>\n<\/div>\n\n\n\n<div style=\"height:100px\" aria-hidden=\"true\" class=\"wp-block-spacer\"><\/div>\n\n\n\n<div class=\"wp-block-columns is-layout-flex wp-container-core-columns-is-layout-9d6595d7 wp-block-columns-is-layout-flex\">\n<div class=\"wp-block-column is-vertically-aligned-bottom is-layout-flow wp-block-column-is-layout-flow\">\n<h4 class=\"wp-block-heading has-text-align-center has-text-color has-link-color wp-elements-b9a84355f35a11637c685ff65795093f\" style=\"color:#28a38d\">Interim projektov\u00fd mana\u017ement<\/h4>\n<\/div>\n\n\n\n<div class=\"wp-block-column is-vertically-aligned-bottom is-layout-flow wp-block-column-is-layout-flow\">\n<h4 class=\"wp-block-heading has-text-align-center has-text-color has-link-color wp-elements-d2ba1f649928bd20d218d60915dc5dcf\" style=\"color:#22a6cb\">Evalu\u00e1cia projektov a programov<\/h4>\n<\/div>\n\n\n\n<div class=\"wp-block-column is-layout-flow wp-block-column-is-layout-flow\">\n<h4 class=\"wp-block-heading has-text-align-center has-text-color has-link-color wp-elements-b30600736b448c2e4abbf3dfabfbeab0\" style=\"color:#cc3f29\">Meranie dopadu<\/h4>\n<\/div>\n<\/div>\n\n\n\n<div class=\"wp-block-columns is-layout-flex wp-container-core-columns-is-layout-9d6595d7 wp-block-columns-is-layout-flex\">\n<div class=\"wp-block-column has-background is-layout-flow wp-block-column-is-layout-flow\" style=\"background-color:#83c7bb59\">\n<p><\/p>\n\n\n\n<p class=\"has-text-align-center has-black-color has-text-color has-link-color wp-elements-12a3808b020a3d2210b65ca42ec6fa44\" style=\"letter-spacing:1px\">V\u010faka desa\u0165ro\u010diam sk\u00fasenost\u00ed dok\u00e1\u017eeme profesion\u00e1lne a efekt\u00edvne riadi\u0165, dokumentova\u0165, vy\u00fa\u010dtov\u00e1va\u0165 a&nbsp;reportova\u0165 projekty in\u00fdch organiz\u00e1ci\u00ed na miestnej, n\u00e1rodnej alebo medzin\u00e1rodnej \u00farovni.<\/p>\n\n\n\n<p><\/p>\n<\/div>\n\n\n\n<div class=\"wp-block-column has-background is-layout-flow wp-block-column-is-layout-flow\" style=\"background-color:#83c8d659\">\n<p><\/p>\n\n\n\n<p class=\"has-text-align-center has-black-color has-text-color has-link-color wp-elements-714a9b9f482d2f597a91762dd7757517\" style=\"letter-spacing:1px\">Ako extern\u00ed evalu\u00e1tori dokumentujeme realiz\u00e1ciu projektov a programov v troch hlavn\u00fdch oblastiach: obsah a dosiahnut\u00e9 v\u00fdsledky, procesy, rozpo\u010det. Na z\u00e1klade v\u00fdsledkov vyprac\u00favame odpor\u00fa\u010dania na pokra\u010dovanie projektov alebo programov a na zlep\u0161enie procesov.<\/p>\n\n\n\n<p><\/p>\n<\/div>\n\n\n\n<div class=\"wp-block-column has-background is-layout-flow wp-block-column-is-layout-flow\" style=\"background-color:#ed968259\">\n<p><\/p>\n\n\n\n<p class=\"has-text-align-center has-black-color has-text-color has-link-color wp-elements-f8fc5cc0bee566356b24b45115fa4e80\" style=\"letter-spacing:1px\">Spolo\u010densk\u00fd dopad je pozit\u00edvna zmena v spolo\u010dnosti, ktor\u00fa organiz\u00e1cia &#8211; mimovl\u00e1dna organiz\u00e1cia, podnik alebo verejn\u00e1 in\u0161tit\u00facia &#8211; dosiahne v d\u00f4sledku svojej \u010dinnosti. Pom\u00f4\u017eeme v\u00e1m navrhn\u00fa\u0165 sp\u00f4sob a metodiku merania tejto pozit\u00edvnej zmeny a realizujeme meranie dopadu.<\/p>\n\n\n\n<p><\/p>\n<\/div>\n<\/div>\n\n\n\n<div style=\"height:100px\" aria-hidden=\"true\" class=\"wp-block-spacer\"><\/div>\n","protected":false},"excerpt":{"rendered":"<p>\u0160kolenia Konzult\u00e1cie Facilit\u00e1cia Pravidelne organizujeme kurzy a workshopy zameran\u00e9 na odborn\u00fd a osobnostn\u00fd rozvoj offline aj online. Do ich realiz\u00e1cie \u010dasto zap\u00e1jame sk\u00fasen\u00fdch odborn\u00edkov zo Slovenska i zahrani\u010dia. Poskytujeme poradensk\u00e9 slu\u017eby firm\u00e1m, in\u0161tit\u00faci\u00e1m, organiz\u00e1ci\u00e1m a jednotlivcom v oblasti projektov\u00e9ho riadenia, organiza\u010dn\u00e9ho rozvoja, strategick\u00e9ho pl\u00e1novania, soci\u00e1lnych inov\u00e1ci\u00ed a soci\u00e1lneho podnikania. Facilitujeme stretnutia a podujatia v\u0161etk\u00fdch ve\u013ekost\u00ed&#8230; <\/p>\n<div class=\"clear\"><\/div>\n<p><a href=\"https:\/\/frdc.sk\/sk\/szolgaltatasok\/\" class=\"excerpt-read-more newsstand-button\">Read More<\/a><\/p>\n","protected":false},"author":1,"featured_media":0,"parent":0,"menu_order":0,"comment_status":"closed","ping_status":"closed","template":"","meta":{"footnotes":""},"class_list":["post-11524","page","type-page","status-publish","hentry"],"_links":{"self":[{"href":"https:\/\/frdc.sk\/sk\/wp-json\/wp\/v2\/pages\/11524","targetHints":{"allow":["GET"]}}],"collection":[{"href":"https:\/\/frdc.sk\/sk\/wp-json\/wp\/v2\/pages"}],"about":[{"href":"https:\/\/frdc.sk\/sk\/wp-json\/wp\/v2\/types\/page"}],"author":[{"embeddable":true,"href":"https:\/\/frdc.sk\/sk\/wp-json\/wp\/v2\/users\/1"}],"replies":[{"embeddable":true,"href":"https:\/\/frdc.sk\/sk\/wp-json\/wp\/v2\/comments?post=11524"}],"version-history":[{"count":10,"href":"https:\/\/frdc.sk\/sk\/wp-json\/wp\/v2\/pages\/11524\/revisions"}],"predecessor-version":[{"id":12414,"href":"https:\/\/frdc.sk\/sk\/wp-json\/wp\/v2\/pages\/11524\/revisions\/12414"}],"wp:attachment":[{"href":"https:\/\/frdc.sk\/sk\/wp-json\/wp\/v2\/media?parent=11524"}],"curies":[{"name":"wp","href":"https:\/\/api.w.org\/{rel}","templated":true}]}}