{"id":12129,"date":"2024-04-21T18:40:51","date_gmt":"2024-04-21T16:40:51","guid":{"rendered":"https:\/\/frdc.sk\/hirek\/"},"modified":"2024-04-23T10:52:57","modified_gmt":"2024-04-23T08:52:57","slug":"hirek","status":"publish","type":"page","link":"https:\/\/frdc.sk\/sk\/hirek\/","title":{"rendered":"Novinky"},"content":{"rendered":"<ul class=\"wp-block-latest-posts__list has-dates wp-block-latest-posts\"><li><div class=\"wp-block-latest-posts__featured-image alignleft\"><img loading=\"lazy\" decoding=\"async\" width=\"750\" height=\"330\" src=\"https:\/\/frdc.sk\/wp-content\/uploads\/2024\/10\/FRDC-web-pics-750x330.png\" class=\"attachment-post-thumbnail-size size-post-thumbnail-size wp-post-image\" alt=\"\" style=\"max-width:188px;max-height:83px;\" \/><\/div><a class=\"wp-block-latest-posts__post-title\" href=\"https:\/\/frdc.sk\/sk\/2024\/10\/22\/kezikonyv-a-telepulesi-reziliencia-kozep-europai-jo-gyakorlatairol\/\">Pr\u00edru\u010dka osved\u010den\u00fdch postupov stredoeur\u00f3pskej mestskej odolnosti<\/a><time datetime=\"2024-10-22T15:23:08+02:00\" class=\"wp-block-latest-posts__post-date\">2024.10.22.<\/time><div class=\"wp-block-latest-posts__post-excerpt\">Pr\u00edru\u010dka osved\u010den\u00fdch postupov stredoeur\u00f3pskej mestskej odolnosti V tomto manu\u00e1li vytvorenom v r\u00e1mci projektu CEURES sme zozbierali najlep\u0161ie praktiky strednej Eur\u00f3py na t\u00e9mu mestskej odolnosti. Na\u0161\u00edm cie\u013eom bolo zhroma\u017edi\u0165 osved\u010den\u00e9 postupy&#8230; <div class=\"clear\"><\/div><a href=\"https:\/\/frdc.sk\/sk\/2024\/10\/22\/kezikonyv-a-telepulesi-reziliencia-kozep-europai-jo-gyakorlatairol\/\" class=\"excerpt-read-more newsstand-button\">Read More<\/a><\/div><\/li>\n<li><div class=\"wp-block-latest-posts__featured-image alignleft\"><img loading=\"lazy\" decoding=\"async\" width=\"750\" height=\"330\" src=\"https:\/\/frdc.sk\/wp-content\/uploads\/2024\/04\/15-750x330.png\" class=\"attachment-post-thumbnail-size size-post-thumbnail-size wp-post-image\" alt=\"\" style=\"max-width:188px;max-height:83px;\" \/><\/div><a class=\"wp-block-latest-posts__post-title\" href=\"https:\/\/frdc.sk\/sk\/2024\/01\/31\/negyedik-ceures-workshop\/\">\u0160tvrt\u00fd CEURES workshop<\/a><time datetime=\"2024-01-31T21:37:00+01:00\" class=\"wp-block-latest-posts__post-date\">2024.01.31.<\/time><div class=\"wp-block-latest-posts__post-excerpt\">Na\u0161e \u0161tvrt\u00e9 stretnutie expertov v r\u00e1mci projektu CEURES 26. janu\u00e1ra 2024 bolo cel\u00e9 venovan\u00e9 udr\u017eate\u013enosti, pri\u010dom experti zo v\u0161etk\u00fdch \u0161tyroch kraj\u00edn predstavili modelov\u00fd projekt v oblasti \u017eivotn\u00e9ho prostredia \u2013 pr\u00edklad&#8230; <div class=\"clear\"><\/div><a href=\"https:\/\/frdc.sk\/sk\/2024\/01\/31\/negyedik-ceures-workshop\/\" class=\"excerpt-read-more newsstand-button\">Read More<\/a><\/div><\/li>\n<li><div class=\"wp-block-latest-posts__featured-image alignleft\"><img loading=\"lazy\" decoding=\"async\" width=\"750\" height=\"330\" src=\"https:\/\/frdc.sk\/wp-content\/uploads\/2024\/04\/14-1-750x330.png\" class=\"attachment-post-thumbnail-size size-post-thumbnail-size wp-post-image\" alt=\"\" style=\"max-width:188px;max-height:83px;\" \/><\/div><a class=\"wp-block-latest-posts__post-title\" href=\"https:\/\/frdc.sk\/sk\/2024\/01\/19\/harmadik-ceures-workshop\/\">Tret\u00ed CEURES workshop<\/a><time datetime=\"2024-01-19T21:31:00+01:00\" class=\"wp-block-latest-posts__post-date\">2024.01.19.<\/time><div class=\"wp-block-latest-posts__post-excerpt\">Na tre\u0165om medzin\u00e1rodnom stretnut\u00ed expertov 11. janu\u00e1ra 2024 partneri CEURES op\u00e4\u0165 diskutovali o \u00faspe\u0161n\u00fdch mestsk\u00fdch pr\u00edbehoch, najm\u00e4 v oblasti udr\u017eate\u013enosti. Na\u0161u organiz\u00e1ciu zastupovala Valeria Szomolai, ktor\u00e1 predstavila v\u00fdlu\u010dne neziskov\u00fa iniciat\u00edvu&#8230; <div class=\"clear\"><\/div><a href=\"https:\/\/frdc.sk\/sk\/2024\/01\/19\/harmadik-ceures-workshop\/\" class=\"excerpt-read-more newsstand-button\">Read More<\/a><\/div><\/li>\n<li><div class=\"wp-block-latest-posts__featured-image alignleft\"><img loading=\"lazy\" decoding=\"async\" width=\"750\" height=\"330\" src=\"https:\/\/frdc.sk\/wp-content\/uploads\/2024\/04\/ceures-1-750x330.png\" class=\"attachment-post-thumbnail-size size-post-thumbnail-size wp-post-image\" alt=\"\" style=\"max-width:188px;max-height:83px;\" \/><\/div><a class=\"wp-block-latest-posts__post-title\" href=\"https:\/\/frdc.sk\/sk\/2024\/01\/12\/meghivo-negyedik-ceures-workshop\/\">Pozv\u00e1nka: \u0160tvrt\u00fd workshop CEURES<\/a><time datetime=\"2024-01-12T08:34:00+01:00\" class=\"wp-block-latest-posts__post-date\">2024.01.12.<\/time><div class=\"wp-block-latest-posts__post-excerpt\">26. janu\u00e1r 2024., online Cie\u013eom CEURES je zhroma\u017edi\u0165 rozpt\u00fdlen\u00e9 najlep\u0161ie postupy a poznatky v oblasti odolnosti miest v krajin\u00e1ch V4 za posledn\u00e9 roky a \u0161\u00edri\u0165 ich medzi najd\u00f4le\u017eitej\u0161ie cie\u013eov\u00e9 skupiny&#8230; <div class=\"clear\"><\/div><a href=\"https:\/\/frdc.sk\/sk\/2024\/01\/12\/meghivo-negyedik-ceures-workshop\/\" class=\"excerpt-read-more newsstand-button\">Read More<\/a><\/div><\/li>\n<li><div class=\"wp-block-latest-posts__featured-image alignleft\"><img loading=\"lazy\" decoding=\"async\" width=\"750\" height=\"330\" src=\"https:\/\/frdc.sk\/wp-content\/uploads\/2024\/04\/ceures-1-750x330.png\" class=\"attachment-post-thumbnail-size size-post-thumbnail-size wp-post-image\" alt=\"\" style=\"max-width:188px;max-height:83px;\" \/><\/div><a class=\"wp-block-latest-posts__post-title\" href=\"https:\/\/frdc.sk\/sk\/2024\/01\/03\/meghivo-harmadik-ceures-workshop\/\">Pozv\u00e1nka: Tret\u00ed workshop CEURES<\/a><time datetime=\"2024-01-03T09:11:00+01:00\" class=\"wp-block-latest-posts__post-date\">2024.01.03.<\/time><div class=\"wp-block-latest-posts__post-excerpt\">11. janu\u00e1r 2024., online Cie\u013eom CEURES je zhroma\u017edi\u0165 rozpt\u00fdlen\u00e9 najlep\u0161ie postupy a poznatky v oblasti odolnosti miest v krajin\u00e1ch V4 za posledn\u00e9 roky a \u0161\u00edri\u0165 ich medzi najd\u00f4le\u017eitej\u0161ie cie\u013eov\u00e9 skupiny&#8230; <div class=\"clear\"><\/div><a href=\"https:\/\/frdc.sk\/sk\/2024\/01\/03\/meghivo-harmadik-ceures-workshop\/\" class=\"excerpt-read-more newsstand-button\">Read More<\/a><\/div><\/li>\n<li><div class=\"wp-block-latest-posts__featured-image alignleft\"><img loading=\"lazy\" decoding=\"async\" width=\"750\" height=\"330\" src=\"https:\/\/frdc.sk\/wp-content\/uploads\/2024\/04\/13-1-750x330.png\" class=\"attachment-post-thumbnail-size size-post-thumbnail-size wp-post-image\" alt=\"\" style=\"max-width:188px;max-height:83px;\" \/><\/div><a class=\"wp-block-latest-posts__post-title\" href=\"https:\/\/frdc.sk\/sk\/2023\/12\/21\/masodik-ceures-workshop\/\">Druh\u00fd CEURES workshop<\/a><time datetime=\"2023-12-21T21:20:00+01:00\" class=\"wp-block-latest-posts__post-date\">2023.12.21.<\/time><div class=\"wp-block-latest-posts__post-excerpt\">Na druhom medzin\u00e1rodnom CEURES stretnut\u00ed expertov 15. decembra 2023 partneri predstavili projekty na zmiernenie d\u00f4sledkov zmeny kl\u00edmy \u2013 jeden z nich prezentovala Andrea Lelovics z na\u0161ej organiz\u00e1cie (pr\u00edklad \u0161amor\u00ednskej da\u017e\u010fovej&#8230; <div class=\"clear\"><\/div><a href=\"https:\/\/frdc.sk\/sk\/2023\/12\/21\/masodik-ceures-workshop\/\" class=\"excerpt-read-more newsstand-button\">Read More<\/a><\/div><\/li>\n<li><div class=\"wp-block-latest-posts__featured-image alignleft\"><img loading=\"lazy\" decoding=\"async\" width=\"750\" height=\"330\" src=\"https:\/\/frdc.sk\/wp-content\/uploads\/2024\/04\/FRDC-web-pics-4-2-750x330.png\" class=\"attachment-post-thumbnail-size size-post-thumbnail-size wp-post-image\" alt=\"\" style=\"max-width:188px;max-height:83px;\" \/><\/div><a class=\"wp-block-latest-posts__post-title\" href=\"https:\/\/frdc.sk\/sk\/2023\/12\/20\/learning-for-peace-ajanlasok-az-oral-history-hasznalatahoz-az-oktatasban\/\">U\u010d\u00edme sa pre mier: Odpor\u00fa\u010dania pre vyu\u017e\u00edvanie or\u00e1lnej hist\u00f3rie vo vzdel\u00e1van\u00ed<\/a><time datetime=\"2023-12-20T16:17:00+01:00\" class=\"wp-block-latest-posts__post-date\">2023.12.20.<\/time><div class=\"wp-block-latest-posts__post-excerpt\">Zverejnili sme odpor\u00fa\u010dania z projektu Learning for Peace financovan\u00e9ho z programu ERASMUS+ o tom, pre\u010do a ako pou\u017e\u00edva\u0165 oral history pr\u00edbehy, ktor\u00e9 s\u00fa pr\u00edstupn\u00e9 v r\u00f4znych publik\u00e1ci\u00e1ch a datab\u00e1zach, vo&#8230; <div class=\"clear\"><\/div><a href=\"https:\/\/frdc.sk\/sk\/2023\/12\/20\/learning-for-peace-ajanlasok-az-oral-history-hasznalatahoz-az-oktatasban\/\" class=\"excerpt-read-more newsstand-button\">Read More<\/a><\/div><\/li>\n<li><div class=\"wp-block-latest-posts__featured-image alignleft\"><img loading=\"lazy\" decoding=\"async\" width=\"750\" height=\"330\" src=\"https:\/\/frdc.sk\/wp-content\/uploads\/2024\/04\/12-2-750x330.png\" class=\"attachment-post-thumbnail-size size-post-thumbnail-size wp-post-image\" alt=\"\" style=\"max-width:188px;max-height:83px;\" \/><\/div><a class=\"wp-block-latest-posts__post-title\" href=\"https:\/\/frdc.sk\/sk\/2023\/12\/08\/elso-ceures-workshop\/\">Prv\u00fd CEURES workshop<\/a><time datetime=\"2023-12-08T21:07:00+01:00\" class=\"wp-block-latest-posts__post-date\">2023.12.08.<\/time><div class=\"wp-block-latest-posts__post-excerpt\">Po\u010das medzin\u00e1rodn\u00e9ho CEURES stretnutia expertov 30. novembra 2023 partneri predstavili nieko\u013eko dobr\u00fdch pr\u00edkladov iniciat\u00edv v oblasti rozvoja miest vo svojich krajin\u00e1ch, ktor\u00e9 sa \u00faspe\u0161ne vyrovnali s v\u00fdzvami s\u00fa\u010dasnosti (vojna, migr\u00e1cia,&#8230; <div class=\"clear\"><\/div><a href=\"https:\/\/frdc.sk\/sk\/2023\/12\/08\/elso-ceures-workshop\/\" class=\"excerpt-read-more newsstand-button\">Read More<\/a><\/div><\/li>\n<li><div class=\"wp-block-latest-posts__featured-image alignleft\"><img loading=\"lazy\" decoding=\"async\" width=\"750\" height=\"330\" src=\"https:\/\/frdc.sk\/wp-content\/uploads\/2024\/04\/ceures-1-750x330.png\" class=\"attachment-post-thumbnail-size size-post-thumbnail-size wp-post-image\" alt=\"\" style=\"max-width:188px;max-height:83px;\" \/><\/div><a class=\"wp-block-latest-posts__post-title\" href=\"https:\/\/frdc.sk\/sk\/2023\/12\/08\/meghivo-masodik-ceures-workshop\/\">Pozv\u00e1nka: Druh\u00fd workshop CEURES<\/a><time datetime=\"2023-12-08T08:10:00+01:00\" class=\"wp-block-latest-posts__post-date\">2023.12.08.<\/time><div class=\"wp-block-latest-posts__post-excerpt\">15. december 2023. , online Cie\u013eom CEURES je zhroma\u017edi\u0165 rozpt\u00fdlen\u00e9 najlep\u0161ie postupy a poznatky v oblasti odolnosti miest v krajin\u00e1ch V4 za posledn\u00e9 roky a \u0161\u00edri\u0165 ich medzi najd\u00f4le\u017eitej\u0161ie cie\u013eov\u00e9&#8230; <div class=\"clear\"><\/div><a href=\"https:\/\/frdc.sk\/sk\/2023\/12\/08\/meghivo-masodik-ceures-workshop\/\" class=\"excerpt-read-more newsstand-button\">Read More<\/a><\/div><\/li>\n<li><div class=\"wp-block-latest-posts__featured-image alignleft\"><img loading=\"lazy\" decoding=\"async\" width=\"750\" height=\"330\" src=\"https:\/\/frdc.sk\/wp-content\/uploads\/2023\/12\/FRDC-web-pics-4-copy-2-750x330.png\" class=\"attachment-post-thumbnail-size size-post-thumbnail-size wp-post-image\" alt=\"\" style=\"max-width:188px;max-height:83px;\" \/><\/div><a class=\"wp-block-latest-posts__post-title\" href=\"https:\/\/frdc.sk\/sk\/2023\/12\/07\/civil-napok-2023-talalkoztunk-ismerkedtunk-beszelgettunk-tervezgettunk\/\">Civil Napok 2023  (Dni akt\u00edvneho ob\u010dianstva 2023): Stretli sme sa, spoznali sme sa, diskutovali sme, pl\u00e1novali sme<\/a><time datetime=\"2023-12-07T21:59:00+01:00\" class=\"wp-block-latest-posts__post-date\">2023.12.07.<\/time><div class=\"wp-block-latest-posts__post-excerpt\">Podujatie Civil Napok 2023 (Dni akt\u00edvneho ob\u010dianstva 2023) sa konalo v Kom\u00e1rne 29-30. novembra a poskytlo ma\u010farsk\u00fdm mimovl\u00e1dnym organiz\u00e1ci\u00e1m na Slovensku jedine\u010dn\u00fa pr\u00edle\u017eitos\u0165 na stretnutie, in\u0161pir\u00e1ciu a spolo\u010dn\u00e9 pl\u00e1novanie. Po\u010das&#8230; <div class=\"clear\"><\/div><a href=\"https:\/\/frdc.sk\/sk\/2023\/12\/07\/civil-napok-2023-talalkoztunk-ismerkedtunk-beszelgettunk-tervezgettunk\/\" class=\"excerpt-read-more newsstand-button\">Read More<\/a><\/div><\/li>\n<li><div class=\"wp-block-latest-posts__featured-image alignleft\"><img loading=\"lazy\" decoding=\"async\" width=\"750\" height=\"330\" src=\"https:\/\/frdc.sk\/wp-content\/uploads\/2024\/04\/ceures-1-750x330.png\" class=\"attachment-post-thumbnail-size size-post-thumbnail-size wp-post-image\" alt=\"\" style=\"max-width:188px;max-height:83px;\" \/><\/div><a class=\"wp-block-latest-posts__post-title\" href=\"https:\/\/frdc.sk\/sk\/2023\/11\/21\/meghivo-elso-ceures-workshop\/\">Pozv\u00e1nka: Prv\u00fd workshop CEURES<\/a><time datetime=\"2023-11-21T01:57:00+01:00\" class=\"wp-block-latest-posts__post-date\">2023.11.21.<\/time><div class=\"wp-block-latest-posts__post-excerpt\">30. november 2023, online Cie\u013eom CEURES je zhroma\u017edi\u0165 rozpt\u00fdlen\u00e9 najlep\u0161ie postupy a poznatky v oblasti odolnosti miest v krajin\u00e1ch V4 za posledn\u00e9 roky a \u0161\u00edri\u0165 ich medzi najd\u00f4le\u017eitej\u0161ie cie\u013eov\u00e9 skupiny&#8230; <div class=\"clear\"><\/div><a href=\"https:\/\/frdc.sk\/sk\/2023\/11\/21\/meghivo-elso-ceures-workshop\/\" class=\"excerpt-read-more newsstand-button\">Read More<\/a><\/div><\/li>\n<li><div class=\"wp-block-latest-posts__featured-image alignleft\"><img loading=\"lazy\" decoding=\"async\" width=\"750\" height=\"330\" src=\"https:\/\/frdc.sk\/wp-content\/uploads\/2023\/10\/FRDC-web-pics-4-copy-3-750x330.png\" class=\"attachment-post-thumbnail-size size-post-thumbnail-size wp-post-image\" alt=\"\" style=\"max-width:188px;max-height:83px;\" \/><\/div><a class=\"wp-block-latest-posts__post-title\" href=\"https:\/\/frdc.sk\/sk\/2023\/10\/15\/meghivo-civil-napok-2023\/\">Pozv\u00e1nka: Civil Napok 2023 (Dni akt\u00edvneho ob\u010dianstva 2023)<\/a><time datetime=\"2023-10-15T21:27:00+02:00\" class=\"wp-block-latest-posts__post-date\">2023.10.15.<\/time><div class=\"wp-block-latest-posts__post-excerpt\">V d\u0148och 29. &#8211; 30. novembra sa uskuto\u010dn\u00ed konferencia Dni akt\u00edvneho ob\u010dianstva 2023, ktor\u00fa FRDC spoluorganizuje s Okr\u00fahlym stolom Ma\u010farov na Slovensku. Prv\u00fd de\u0148 dvojd\u0148ovej konferencie sa uskuto\u010dnia prezent\u00e1cie a&#8230; <div class=\"clear\"><\/div><a href=\"https:\/\/frdc.sk\/sk\/2023\/10\/15\/meghivo-civil-napok-2023\/\" class=\"excerpt-read-more newsstand-button\">Read More<\/a><\/div><\/li>\n<li><div class=\"wp-block-latest-posts__featured-image alignleft\"><img loading=\"lazy\" decoding=\"async\" width=\"750\" height=\"330\" src=\"https:\/\/frdc.sk\/wp-content\/uploads\/2024\/04\/FRDC-web-pics-6-1-750x330.png\" class=\"attachment-post-thumbnail-size size-post-thumbnail-size wp-post-image\" alt=\"\" style=\"max-width:188px;max-height:83px;\" \/><\/div><a class=\"wp-block-latest-posts__post-title\" href=\"https:\/\/frdc.sk\/sk\/2023\/09\/29\/carson-coma-koncerttel-zartuk-a-maradok-valasztok-kampanyt\/\">Kampa\u0148 Chiem tu zosta\u0165 sme ukon\u010dili koncertom Carson Coma<\/a><time datetime=\"2023-09-29T18:36:00+02:00\" class=\"wp-block-latest-posts__post-date\">2023.09.29.<\/time><div class=\"wp-block-latest-posts__post-excerpt\">Stovky mlad\u00fdch \u013eud\u00ed si 28. septembra v \u0160amor\u00edne pri\u0161li do Poml\u00e9 Parku vypo\u010du\u0165 koncert Carsona Coma, ktor\u00fd zorganizovala \u0160tudentsk\u00e1 sie\u0165 a F\u00f3rum in\u0161tit\u00fat v r\u00e1mci ma\u010farskej \u010dasti kampane Chcem tu&#8230; <div class=\"clear\"><\/div><a href=\"https:\/\/frdc.sk\/sk\/2023\/09\/29\/carson-coma-koncerttel-zartuk-a-maradok-valasztok-kampanyt\/\" class=\"excerpt-read-more newsstand-button\">Read More<\/a><\/div><\/li>\n<li><div class=\"wp-block-latest-posts__featured-image alignleft\"><img loading=\"lazy\" decoding=\"async\" width=\"750\" height=\"330\" src=\"https:\/\/frdc.sk\/wp-content\/uploads\/2024\/04\/10-1-750x330.png\" class=\"attachment-post-thumbnail-size size-post-thumbnail-size wp-post-image\" alt=\"\" style=\"max-width:188px;max-height:83px;\" \/><\/div><a class=\"wp-block-latest-posts__post-title\" href=\"https:\/\/frdc.sk\/sk\/2023\/09\/26\/learning-for-peace-hogyan-tanuljunk-a-mult-torteneteibol-workshop-pozsonyban\/\">Learning for Peace: &#8222;Ako sa u\u010di\u0165 z pr\u00edbehov minulosti workshop&#8220; v Bratislave<\/a><time datetime=\"2023-09-26T10:52:00+02:00\" class=\"wp-block-latest-posts__post-date\">2023.09.26.<\/time><div class=\"wp-block-latest-posts__post-excerpt\">Druh\u00fd workshop projektu U\u010d\u00edme sa pre mier sa uskuto\u010dnil 14. septembra 2023 v srdci Bratislavy, kde sa stret\u00e1va hist\u00f3ria s modernou: v m\u00faroch M\u00fazea kult\u00fary Ma\u010farov na Slovensku. Zi\u0161lo sa&#8230; <div class=\"clear\"><\/div><a href=\"https:\/\/frdc.sk\/sk\/2023\/09\/26\/learning-for-peace-hogyan-tanuljunk-a-mult-torteneteibol-workshop-pozsonyban\/\" class=\"excerpt-read-more newsstand-button\">Read More<\/a><\/div><\/li>\n<li><div class=\"wp-block-latest-posts__featured-image alignleft\"><img loading=\"lazy\" decoding=\"async\" width=\"750\" height=\"330\" src=\"https:\/\/frdc.sk\/wp-content\/uploads\/2024\/04\/FRDC-web-pics-4-2-750x330.png\" class=\"attachment-post-thumbnail-size size-post-thumbnail-size wp-post-image\" alt=\"\" style=\"max-width:188px;max-height:83px;\" \/><\/div><a class=\"wp-block-latest-posts__post-title\" href=\"https:\/\/frdc.sk\/sk\/2023\/09\/01\/meghivo-learning-for-peace-workshop-pozsonyban\/\">Pozv\u00e1nka: Learning for Peace workshop v Bratislava<\/a><time datetime=\"2023-09-01T10:12:00+02:00\" class=\"wp-block-latest-posts__post-date\">2023.09.01.<\/time><div class=\"wp-block-latest-posts__post-excerpt\">Druh\u00fd medzin\u00e1rodn\u00fd workshop spolo\u010dn\u00e9ho projektu ERASMUS+ F\u00f3rum in\u0161tit\u00fatu pre v\u00fdskum men\u0161\u00edn a Sigmund Freud University sa uskuto\u010dn\u00ed 14. septembra 2023 v Bratislave, v M\u00fazeu kult\u00fary Ma\u010farov na Slovensku. Na prvom&#8230; <div class=\"clear\"><\/div><a href=\"https:\/\/frdc.sk\/sk\/2023\/09\/01\/meghivo-learning-for-peace-workshop-pozsonyban\/\" class=\"excerpt-read-more newsstand-button\">Read More<\/a><\/div><\/li>\n<li><div class=\"wp-block-latest-posts__featured-image alignleft\"><img loading=\"lazy\" decoding=\"async\" width=\"750\" height=\"330\" src=\"https:\/\/frdc.sk\/wp-content\/uploads\/2024\/04\/Gombaszog23-750x330.png\" class=\"attachment-post-thumbnail-size size-post-thumbnail-size wp-post-image\" alt=\"\" style=\"max-width:188px;max-height:83px;\" \/><\/div><a class=\"wp-block-latest-posts__post-title\" href=\"https:\/\/frdc.sk\/sk\/2023\/07\/27\/forum-lab-a-gombaszogi-taborban\/\">F\u00f3rum Lab v Gombaseckom letnom t\u00e1bore<\/a><time datetime=\"2023-07-27T06:16:00+02:00\" class=\"wp-block-latest-posts__post-date\">2023.07.27.<\/time><div class=\"wp-block-latest-posts__post-excerpt\">Gombaseck\u00fd letn\u00fd t\u00e1bor (ma\u010f. Gombasz\u00f6gi Ny\u00e1ri T\u00e1bor) je multi\u017e\u00e1nrov\u00fd festival a otvoren\u00e1 univerzita, ktor\u00fd ka\u017edoro\u010dne v lete (naj\u010dastej\u0161ie v strede j\u00fala) usporad\u00favaj\u00fa vysoko\u0161kolsk\u00ed \u0161tudenti ma\u010farskej n\u00e1rodnosti zo Slovenska, ktor\u00ed \u0161tuduj\u00fa&#8230; <div class=\"clear\"><\/div><a href=\"https:\/\/frdc.sk\/sk\/2023\/07\/27\/forum-lab-a-gombaszogi-taborban\/\" class=\"excerpt-read-more newsstand-button\">Read More<\/a><\/div><\/li>\n<li><div class=\"wp-block-latest-posts__featured-image alignleft\"><img loading=\"lazy\" decoding=\"async\" width=\"750\" height=\"330\" src=\"https:\/\/frdc.sk\/wp-content\/uploads\/2024\/04\/FRDC-web-pics-4-3-750x330.png\" class=\"attachment-post-thumbnail-size size-post-thumbnail-size wp-post-image\" alt=\"\" style=\"max-width:188px;max-height:83px;\" \/><\/div><a class=\"wp-block-latest-posts__post-title\" href=\"https:\/\/frdc.sk\/sk\/2023\/03\/31\/learning-for-peace-becsben-talalkoztak-oral-history-szakemberek\/\">Learning for Peace: Stretnutie oral history odborn\u00edkov vo Viedni<\/a><time datetime=\"2023-03-31T10:34:00+02:00\" class=\"wp-block-latest-posts__post-date\">2023.03.31.<\/time><div class=\"wp-block-latest-posts__post-excerpt\">D\u0148a 23. marca 2023 sa na Univerzite Sigmunda Freuda uskuto\u010dnil prv\u00fd medzin\u00e1rodn\u00fd workshop projektu ERASMUS+ Learning for Peace, ktor\u00e9ho cie\u013eom bola v\u00fdmena sk\u00fasenost\u00ed v oblasti oral history zbierok a h\u013eadanie&#8230; <div class=\"clear\"><\/div><a href=\"https:\/\/frdc.sk\/sk\/2023\/03\/31\/learning-for-peace-becsben-talalkoztak-oral-history-szakemberek\/\" class=\"excerpt-read-more newsstand-button\">Read More<\/a><\/div><\/li>\n<li><div class=\"wp-block-latest-posts__featured-image alignleft\"><img loading=\"lazy\" decoding=\"async\" width=\"750\" height=\"330\" src=\"https:\/\/frdc.sk\/wp-content\/uploads\/2024\/04\/FRDC-web-pics-4-2-750x330.png\" class=\"attachment-post-thumbnail-size size-post-thumbnail-size wp-post-image\" alt=\"\" style=\"max-width:188px;max-height:83px;\" \/><\/div><a class=\"wp-block-latest-posts__post-title\" href=\"https:\/\/frdc.sk\/sk\/2023\/03\/03\/meghivo-learning-for-peace-workshop-becsben\/\">Pozv\u00e1nka: Learning for Peace workshop vo Viedni<\/a><time datetime=\"2023-03-03T10:03:00+01:00\" class=\"wp-block-latest-posts__post-date\">2023.03.03.<\/time><div class=\"wp-block-latest-posts__post-excerpt\">Prv\u00fd medzin\u00e1rodn\u00fd workshop spolo\u010dn\u00e9ho projektu ERASMUS+ F\u00f3rum in\u0161tit\u00fatu pre v\u00fdskum men\u0161\u00edn a Sigmund Freud University sa uskuto\u010dn\u00ed 23. marca 2023 vo Viedni. V\u00edtan\u00ed s\u00fa v\u0161etci, ktor\u00ed sa zauj\u00edmaj\u00fa o hist\u00f3riu&#8230; <div class=\"clear\"><\/div><a href=\"https:\/\/frdc.sk\/sk\/2023\/03\/03\/meghivo-learning-for-peace-workshop-becsben\/\" class=\"excerpt-read-more newsstand-button\">Read More<\/a><\/div><\/li>\n<li><div class=\"wp-block-latest-posts__featured-image alignleft\"><img loading=\"lazy\" decoding=\"async\" width=\"750\" height=\"330\" src=\"https:\/\/frdc.sk\/wp-content\/uploads\/2022\/04\/FRDC-web-pics-4-750x330.png\" class=\"attachment-post-thumbnail-size size-post-thumbnail-size wp-post-image\" alt=\"\" style=\"max-width:188px;max-height:83px;\" \/><\/div><a class=\"wp-block-latest-posts__post-title\" href=\"https:\/\/frdc.sk\/sk\/2022\/04\/20\/meghivo-socin-beszelgetesek\/\">Pozv\u00e1nka: #SocIn diskusie<\/a><time datetime=\"2022-04-20T14:41:00+02:00\" class=\"wp-block-latest-posts__post-date\">2022.04.20.<\/time><div class=\"wp-block-latest-posts__post-excerpt\">Cie\u013eom konferencie #SocIn diskusie je vytvori\u0165 komunitu okolo t\u00e9my soci\u00e1lneho podnikania, najm\u00e4 medzi ma\u010farskou a ma\u010farskou komunitou na Slovensku. Komunitu \u013eud\u00ed, ktor\u00ed sa spolo\u010dne m\u00f4\u017eu dozvedie\u0165 viac o tomto sektore,&#8230; <div class=\"clear\"><\/div><a href=\"https:\/\/frdc.sk\/sk\/2022\/04\/20\/meghivo-socin-beszelgetesek\/\" class=\"excerpt-read-more newsstand-button\">Read More<\/a><\/div><\/li>\n<li><div class=\"wp-block-latest-posts__featured-image alignleft\"><img loading=\"lazy\" decoding=\"async\" width=\"750\" height=\"330\" src=\"https:\/\/frdc.sk\/wp-content\/uploads\/2021\/04\/FRDC-web-pics-4-750x330.png\" class=\"attachment-post-thumbnail-size size-post-thumbnail-size wp-post-image\" alt=\"\" style=\"max-width:188px;max-height:83px;\" \/><\/div><a class=\"wp-block-latest-posts__post-title\" href=\"https:\/\/frdc.sk\/sk\/2021\/04\/25\/participativ-donteshozatal-madarijeszto-vagy-segito\/\">Particip\u00e1cia: Stra\u0161iak alebo pomocn\u00edk?<\/a><time datetime=\"2021-04-25T16:09:00+02:00\" class=\"wp-block-latest-posts__post-date\">2021.04.25.<\/time><div class=\"wp-block-latest-posts__post-excerpt\">Poz\u00fdvame V\u00e1s na online workshop \u201eParticip\u00e1cia: stra\u0161iak alebo pomocn\u00edk?\u201c Workshop sa zameriava na presk\u00famanie v\u00fdznamu particip\u00e1cie vo verejnom rozhodovacom procese a diskutuje o tom, ak\u00e9 pr\u00edle\u017eitosti poskytuje vo verejnej spr\u00e1ve&#8230;. <div class=\"clear\"><\/div><a href=\"https:\/\/frdc.sk\/sk\/2021\/04\/25\/participativ-donteshozatal-madarijeszto-vagy-segito\/\" class=\"excerpt-read-more newsstand-button\">Read More<\/a><\/div><\/li>\n<li><div class=\"wp-block-latest-posts__featured-image alignleft\"><img loading=\"lazy\" decoding=\"async\" width=\"750\" height=\"330\" src=\"https:\/\/frdc.sk\/wp-content\/uploads\/2024\/04\/depolarizacio-750x330.png\" class=\"attachment-post-thumbnail-size size-post-thumbnail-size wp-post-image\" alt=\"\" style=\"max-width:188px;max-height:83px;\" \/><\/div><a class=\"wp-block-latest-posts__post-title\" href=\"https:\/\/frdc.sk\/sk\/2020\/10\/22\/depolarizacio\/\">Depolariz\u00e1cia<\/a><time datetime=\"2020-10-22T13:16:00+02:00\" class=\"wp-block-latest-posts__post-date\">2020.10.22.<\/time><div class=\"wp-block-latest-posts__post-excerpt\">Online \u0161kolenie v spolupr\u00e1ci so \u0160amor\u00edn\u010danom V komunit\u00e1ch rozdelen\u00fdch pod\u013ea hodn\u00f4t je zvy\u010dajne \u0165a\u017ek\u00e9 n\u00e1js\u0165 konsenzus. Organizovanie a realiz\u00e1cia dial\u00f3gu medzi protichodn\u00fdmi skupinami je technicky ve\u013emi n\u00e1ro\u010dn\u00e1, ale aj kv\u00f4li&#8230; <div class=\"clear\"><\/div><a href=\"https:\/\/frdc.sk\/sk\/2020\/10\/22\/depolarizacio\/\" class=\"excerpt-read-more newsstand-button\">Read More<\/a><\/div><\/li>\n<\/ul>","protected":false},"excerpt":{"rendered":"","protected":false},"author":1,"featured_media":0,"parent":0,"menu_order":0,"comment_status":"closed","ping_status":"closed","template":"","meta":{"footnotes":""},"class_list":["post-12129","page","type-page","status-publish","hentry"],"_links":{"self":[{"href":"https:\/\/frdc.sk\/sk\/wp-json\/wp\/v2\/pages\/12129","targetHints":{"allow":["GET"]}}],"collection":[{"href":"https:\/\/frdc.sk\/sk\/wp-json\/wp\/v2\/pages"}],"about":[{"href":"https:\/\/frdc.sk\/sk\/wp-json\/wp\/v2\/types\/page"}],"author":[{"embeddable":true,"href":"https:\/\/frdc.sk\/sk\/wp-json\/wp\/v2\/users\/1"}],"replies":[{"embeddable":true,"href":"https:\/\/frdc.sk\/sk\/wp-json\/wp\/v2\/comments?post=12129"}],"version-history":[{"count":2,"href":"https:\/\/frdc.sk\/sk\/wp-json\/wp\/v2\/pages\/12129\/revisions"}],"predecessor-version":[{"id":12433,"href":"https:\/\/frdc.sk\/sk\/wp-json\/wp\/v2\/pages\/12129\/revisions\/12433"}],"wp:attachment":[{"href":"https:\/\/frdc.sk\/sk\/wp-json\/wp\/v2\/media?parent=12129"}],"curies":[{"name":"wp","href":"https:\/\/api.w.org\/{rel}","templated":true}]}}