{"id":12453,"date":"2024-04-23T12:24:09","date_gmt":"2024-04-23T10:24:09","guid":{"rendered":"https:\/\/frdc.sk\/?page_id=12453"},"modified":"2024-04-23T12:29:58","modified_gmt":"2024-04-23T10:29:58","slug":"novinky","status":"publish","type":"page","link":"https:\/\/frdc.sk\/sk\/novinky\/","title":{"rendered":"CEURES spr\u00e1vy"},"content":{"rendered":"<ul class=\"wp-block-latest-posts__list has-dates wp-block-latest-posts\"><li><div class=\"wp-block-latest-posts__featured-image alignleft\"><img loading=\"lazy\" decoding=\"async\" width=\"750\" height=\"330\" src=\"https:\/\/frdc.sk\/wp-content\/uploads\/2024\/10\/FRDC-web-pics-750x330.png\" class=\"attachment-post-thumbnail-size size-post-thumbnail-size wp-post-image\" alt=\"\" style=\"max-width:188px;max-height:83px;\" \/><\/div><a class=\"wp-block-latest-posts__post-title\" href=\"https:\/\/frdc.sk\/sk\/2024\/10\/22\/kezikonyv-a-telepulesi-reziliencia-kozep-europai-jo-gyakorlatairol\/\">Pr\u00edru\u010dka osved\u010den\u00fdch postupov stredoeur\u00f3pskej mestskej odolnosti<\/a><time datetime=\"2024-10-22T15:23:08+02:00\" class=\"wp-block-latest-posts__post-date\">2024.10.22.<\/time><div class=\"wp-block-latest-posts__post-excerpt\">Pr\u00edru\u010dka osved\u010den\u00fdch postupov stredoeur\u00f3pskej mestskej odolnosti V tomto manu\u00e1li vytvorenom v r\u00e1mci projektu CEURES sme zozbierali najlep\u0161ie praktiky strednej Eur\u00f3py na t\u00e9mu mestskej&#8230; <div class=\"clear\"><\/div><a href=\"https:\/\/frdc.sk\/sk\/2024\/10\/22\/kezikonyv-a-telepulesi-reziliencia-kozep-europai-jo-gyakorlatairol\/\" class=\"excerpt-read-more newsstand-button\">Read More<\/a><\/div><\/li>\n<li><div class=\"wp-block-latest-posts__featured-image alignleft\"><img loading=\"lazy\" decoding=\"async\" width=\"750\" height=\"330\" src=\"https:\/\/frdc.sk\/wp-content\/uploads\/2024\/04\/15-750x330.png\" class=\"attachment-post-thumbnail-size size-post-thumbnail-size wp-post-image\" alt=\"\" style=\"max-width:188px;max-height:83px;\" \/><\/div><a class=\"wp-block-latest-posts__post-title\" href=\"https:\/\/frdc.sk\/sk\/2024\/01\/31\/negyedik-ceures-workshop\/\">\u0160tvrt\u00fd CEURES workshop<\/a><time datetime=\"2024-01-31T21:37:00+01:00\" class=\"wp-block-latest-posts__post-date\">2024.01.31.<\/time><div class=\"wp-block-latest-posts__post-excerpt\">Na\u0161e \u0161tvrt\u00e9 stretnutie expertov v r\u00e1mci projektu CEURES 26. janu\u00e1ra 2024 bolo cel\u00e9 venovan\u00e9 udr\u017eate\u013enosti, pri\u010dom experti zo v\u0161etk\u00fdch \u0161tyroch kraj\u00edn predstavili modelov\u00fd&#8230; <div class=\"clear\"><\/div><a href=\"https:\/\/frdc.sk\/sk\/2024\/01\/31\/negyedik-ceures-workshop\/\" class=\"excerpt-read-more newsstand-button\">Read More<\/a><\/div><\/li>\n<li><div class=\"wp-block-latest-posts__featured-image alignleft\"><img loading=\"lazy\" decoding=\"async\" width=\"750\" height=\"330\" src=\"https:\/\/frdc.sk\/wp-content\/uploads\/2024\/04\/14-1-750x330.png\" class=\"attachment-post-thumbnail-size size-post-thumbnail-size wp-post-image\" alt=\"\" style=\"max-width:188px;max-height:83px;\" \/><\/div><a class=\"wp-block-latest-posts__post-title\" href=\"https:\/\/frdc.sk\/sk\/2024\/01\/19\/harmadik-ceures-workshop\/\">Tret\u00ed CEURES workshop<\/a><time datetime=\"2024-01-19T21:31:00+01:00\" class=\"wp-block-latest-posts__post-date\">2024.01.19.<\/time><div class=\"wp-block-latest-posts__post-excerpt\">Na tre\u0165om medzin\u00e1rodnom stretnut\u00ed expertov 11. janu\u00e1ra 2024 partneri CEURES op\u00e4\u0165 diskutovali o \u00faspe\u0161n\u00fdch mestsk\u00fdch pr\u00edbehoch, najm\u00e4 v oblasti udr\u017eate\u013enosti. Na\u0161u organiz\u00e1ciu zastupovala&#8230; <div class=\"clear\"><\/div><a href=\"https:\/\/frdc.sk\/sk\/2024\/01\/19\/harmadik-ceures-workshop\/\" class=\"excerpt-read-more newsstand-button\">Read More<\/a><\/div><\/li>\n<li><div class=\"wp-block-latest-posts__featured-image alignleft\"><img loading=\"lazy\" decoding=\"async\" width=\"750\" height=\"330\" src=\"https:\/\/frdc.sk\/wp-content\/uploads\/2024\/04\/ceures-1-750x330.png\" class=\"attachment-post-thumbnail-size size-post-thumbnail-size wp-post-image\" alt=\"\" style=\"max-width:188px;max-height:83px;\" \/><\/div><a class=\"wp-block-latest-posts__post-title\" href=\"https:\/\/frdc.sk\/sk\/2024\/01\/12\/meghivo-negyedik-ceures-workshop\/\">Pozv\u00e1nka: \u0160tvrt\u00fd workshop CEURES<\/a><time datetime=\"2024-01-12T08:34:00+01:00\" class=\"wp-block-latest-posts__post-date\">2024.01.12.<\/time><div class=\"wp-block-latest-posts__post-excerpt\">26. janu\u00e1r 2024., online Cie\u013eom CEURES je zhroma\u017edi\u0165 rozpt\u00fdlen\u00e9 najlep\u0161ie postupy a poznatky v oblasti odolnosti miest v krajin\u00e1ch V4 za posledn\u00e9 roky&#8230; <div class=\"clear\"><\/div><a href=\"https:\/\/frdc.sk\/sk\/2024\/01\/12\/meghivo-negyedik-ceures-workshop\/\" class=\"excerpt-read-more newsstand-button\">Read More<\/a><\/div><\/li>\n<li><div class=\"wp-block-latest-posts__featured-image alignleft\"><img loading=\"lazy\" decoding=\"async\" width=\"750\" height=\"330\" src=\"https:\/\/frdc.sk\/wp-content\/uploads\/2024\/04\/ceures-1-750x330.png\" class=\"attachment-post-thumbnail-size size-post-thumbnail-size wp-post-image\" alt=\"\" style=\"max-width:188px;max-height:83px;\" \/><\/div><a class=\"wp-block-latest-posts__post-title\" href=\"https:\/\/frdc.sk\/sk\/2024\/01\/03\/meghivo-harmadik-ceures-workshop\/\">Pozv\u00e1nka: Tret\u00ed workshop CEURES<\/a><time datetime=\"2024-01-03T09:11:00+01:00\" class=\"wp-block-latest-posts__post-date\">2024.01.03.<\/time><div class=\"wp-block-latest-posts__post-excerpt\">11. janu\u00e1r 2024., online Cie\u013eom CEURES je zhroma\u017edi\u0165 rozpt\u00fdlen\u00e9 najlep\u0161ie postupy a poznatky v oblasti odolnosti miest v krajin\u00e1ch V4 za posledn\u00e9 roky&#8230; <div class=\"clear\"><\/div><a href=\"https:\/\/frdc.sk\/sk\/2024\/01\/03\/meghivo-harmadik-ceures-workshop\/\" class=\"excerpt-read-more newsstand-button\">Read More<\/a><\/div><\/li>\n<li><div class=\"wp-block-latest-posts__featured-image alignleft\"><img loading=\"lazy\" decoding=\"async\" width=\"750\" height=\"330\" src=\"https:\/\/frdc.sk\/wp-content\/uploads\/2024\/04\/13-1-750x330.png\" class=\"attachment-post-thumbnail-size size-post-thumbnail-size wp-post-image\" alt=\"\" style=\"max-width:188px;max-height:83px;\" \/><\/div><a class=\"wp-block-latest-posts__post-title\" href=\"https:\/\/frdc.sk\/sk\/2023\/12\/21\/masodik-ceures-workshop\/\">Druh\u00fd CEURES workshop<\/a><time datetime=\"2023-12-21T21:20:00+01:00\" class=\"wp-block-latest-posts__post-date\">2023.12.21.<\/time><div class=\"wp-block-latest-posts__post-excerpt\">Na druhom medzin\u00e1rodnom CEURES stretnut\u00ed expertov 15. decembra 2023 partneri predstavili projekty na zmiernenie d\u00f4sledkov zmeny kl\u00edmy \u2013 jeden z nich prezentovala Andrea&#8230; <div class=\"clear\"><\/div><a href=\"https:\/\/frdc.sk\/sk\/2023\/12\/21\/masodik-ceures-workshop\/\" class=\"excerpt-read-more newsstand-button\">Read More<\/a><\/div><\/li>\n<li><div class=\"wp-block-latest-posts__featured-image alignleft\"><img loading=\"lazy\" decoding=\"async\" width=\"750\" height=\"330\" src=\"https:\/\/frdc.sk\/wp-content\/uploads\/2024\/04\/12-2-750x330.png\" class=\"attachment-post-thumbnail-size size-post-thumbnail-size wp-post-image\" alt=\"\" style=\"max-width:188px;max-height:83px;\" \/><\/div><a class=\"wp-block-latest-posts__post-title\" href=\"https:\/\/frdc.sk\/sk\/2023\/12\/08\/elso-ceures-workshop\/\">Prv\u00fd CEURES workshop<\/a><time datetime=\"2023-12-08T21:07:00+01:00\" class=\"wp-block-latest-posts__post-date\">2023.12.08.<\/time><div class=\"wp-block-latest-posts__post-excerpt\">Po\u010das medzin\u00e1rodn\u00e9ho CEURES stretnutia expertov 30. novembra 2023 partneri predstavili nieko\u013eko dobr\u00fdch pr\u00edkladov iniciat\u00edv v oblasti rozvoja miest vo svojich krajin\u00e1ch, ktor\u00e9 sa&#8230; <div class=\"clear\"><\/div><a href=\"https:\/\/frdc.sk\/sk\/2023\/12\/08\/elso-ceures-workshop\/\" class=\"excerpt-read-more newsstand-button\">Read More<\/a><\/div><\/li>\n<li><div class=\"wp-block-latest-posts__featured-image alignleft\"><img loading=\"lazy\" decoding=\"async\" width=\"750\" height=\"330\" src=\"https:\/\/frdc.sk\/wp-content\/uploads\/2024\/04\/ceures-1-750x330.png\" class=\"attachment-post-thumbnail-size size-post-thumbnail-size wp-post-image\" alt=\"\" style=\"max-width:188px;max-height:83px;\" \/><\/div><a class=\"wp-block-latest-posts__post-title\" href=\"https:\/\/frdc.sk\/sk\/2023\/12\/08\/meghivo-masodik-ceures-workshop\/\">Pozv\u00e1nka: Druh\u00fd workshop CEURES<\/a><time datetime=\"2023-12-08T08:10:00+01:00\" class=\"wp-block-latest-posts__post-date\">2023.12.08.<\/time><div class=\"wp-block-latest-posts__post-excerpt\">15. december 2023. , online Cie\u013eom CEURES je zhroma\u017edi\u0165 rozpt\u00fdlen\u00e9 najlep\u0161ie postupy a poznatky v oblasti odolnosti miest v krajin\u00e1ch V4 za posledn\u00e9&#8230; <div class=\"clear\"><\/div><a href=\"https:\/\/frdc.sk\/sk\/2023\/12\/08\/meghivo-masodik-ceures-workshop\/\" class=\"excerpt-read-more newsstand-button\">Read More<\/a><\/div><\/li>\n<li><div class=\"wp-block-latest-posts__featured-image alignleft\"><img loading=\"lazy\" decoding=\"async\" width=\"750\" height=\"330\" src=\"https:\/\/frdc.sk\/wp-content\/uploads\/2024\/04\/ceures-1-750x330.png\" class=\"attachment-post-thumbnail-size size-post-thumbnail-size wp-post-image\" alt=\"\" style=\"max-width:188px;max-height:83px;\" \/><\/div><a class=\"wp-block-latest-posts__post-title\" href=\"https:\/\/frdc.sk\/sk\/2023\/11\/21\/meghivo-elso-ceures-workshop\/\">Pozv\u00e1nka: Prv\u00fd workshop CEURES<\/a><time datetime=\"2023-11-21T01:57:00+01:00\" class=\"wp-block-latest-posts__post-date\">2023.11.21.<\/time><div class=\"wp-block-latest-posts__post-excerpt\">30. november 2023, online Cie\u013eom CEURES je zhroma\u017edi\u0165 rozpt\u00fdlen\u00e9 najlep\u0161ie postupy a poznatky v oblasti odolnosti miest v krajin\u00e1ch V4 za posledn\u00e9 roky&#8230; <div class=\"clear\"><\/div><a href=\"https:\/\/frdc.sk\/sk\/2023\/11\/21\/meghivo-elso-ceures-workshop\/\" class=\"excerpt-read-more newsstand-button\">Read More<\/a><\/div><\/li>\n<\/ul>","protected":false},"excerpt":{"rendered":"","protected":false},"author":1,"featured_media":0,"parent":0,"menu_order":0,"comment_status":"closed","ping_status":"closed","template":"","meta":{"footnotes":""},"class_list":["post-12453","page","type-page","status-publish","hentry"],"_links":{"self":[{"href":"https:\/\/frdc.sk\/sk\/wp-json\/wp\/v2\/pages\/12453","targetHints":{"allow":["GET"]}}],"collection":[{"href":"https:\/\/frdc.sk\/sk\/wp-json\/wp\/v2\/pages"}],"about":[{"href":"https:\/\/frdc.sk\/sk\/wp-json\/wp\/v2\/types\/page"}],"author":[{"embeddable":true,"href":"https:\/\/frdc.sk\/sk\/wp-json\/wp\/v2\/users\/1"}],"replies":[{"embeddable":true,"href":"https:\/\/frdc.sk\/sk\/wp-json\/wp\/v2\/comments?post=12453"}],"version-history":[{"count":3,"href":"https:\/\/frdc.sk\/sk\/wp-json\/wp\/v2\/pages\/12453\/revisions"}],"predecessor-version":[{"id":12465,"href":"https:\/\/frdc.sk\/sk\/wp-json\/wp\/v2\/pages\/12453\/revisions\/12465"}],"wp:attachment":[{"href":"https:\/\/frdc.sk\/sk\/wp-json\/wp\/v2\/media?parent=12453"}],"curies":[{"name":"wp","href":"https:\/\/api.w.org\/{rel}","templated":true}]}}